{"id":43058,"date":"2024-11-25T14:14:26","date_gmt":"2024-11-25T13:14:26","guid":{"rendered":"https:\/\/www.optic2000.ch\/optisches-zentrum-vorsorgeuntersuchungen-kinder-burkina-faso\/"},"modified":"2025-01-05T08:08:01","modified_gmt":"2025-01-05T07:08:01","slug":"optisches-zentrum-vorsorgeuntersuchungen-kinder-burkina-faso","status":"publish","type":"page","link":"https:\/\/www.optic2000.ch\/de\/optisches-zentrum-vorsorgeuntersuchungen-kinder-burkina-faso\/","title":{"rendered":"Ein optisches Zentrum und Vorsorgeuntersuchungen f\u00fcr Kinder in Burkina Faso"},"content":{"rendered":"            <div class=\"alignfull wp-block-habefast-advanced-layout-group is-layout-constrained wp-block-habefast-advanced-layout-group-is-layout-constrained\">\r\n                <div class=\"wp-block-habefast-advanced-group-container is-style- is-layout-constrained alignfull\"  style='--_hfal-cg-d-lg:flex;--_hfal-cg-d-md:flex;--_hfal-cg-d-sm:flex;'>\r\n                                        <div class=\"wp-block-habefast-advanced-group-inner is-layout-flow\">\r\n                        \n<div id='block_698f10004cff1' class='wp-block-optic-banner-wrap alignfull '>\n<div class=\"wp-block-optic-banner alignfull is-maxwidth-alignfull is-contentalign-bottom  is-constrains is-height-normal is-shadow-height is-overlaidonmenu hf_animated fade_bottom default\" style=\"--mobilePosX:50%;--mobilePosY:50%\"><div class=\"wp-block-optic-banner-container\"><div class=\"wp-block-optic-banner-background\"><div class=\"wp-block-optic-image-selector \"><img src=\"https:\/\/www.optic2000.ch\/wp-content\/uploads\/2025\/03\/optic-2000-engagements-scaled.jpg\" alt=\"Optic 2000 Engagements\" srcset=\"https:\/\/www.optic2000.ch\/wp-content\/uploads\/2025\/03\/optic-2000-engagements-150x150.jpg 150w, https:\/\/www.optic2000.ch\/wp-content\/uploads\/2025\/03\/optic-2000-engagements-300x106.jpg 300w, https:\/\/www.optic2000.ch\/wp-content\/uploads\/2025\/03\/optic-2000-engagements-1024x361.jpg 640w, https:\/\/www.optic2000.ch\/wp-content\/uploads\/2025\/03\/optic-2000-engagements-scaled.jpg 2560w\" sizes=\"(max-width: 150px) 150px, (max-width: 300px) 300px, (max-width: 640px) 640px, (max-width: 2560px) 2560px, 2560px\" loading=\"lazy\" class=\"wp-block-optic-image-selector-img \" decoding=\"async\"\/><\/div><\/div><div class=\"wp-block-optic-banner-content\"><div class=\"wp-block-optic-banner-content-inner\"><div class=\"wp-block-optic-banner-content-inner-container\">\n<p class=\"has-text-align-center has-theme-white-color has-text-color has-link-color has-large-font-size wp-elements-f9d38f99ba363e2049e0e8ed19159f4f\" style=\"font-style:normal;font-weight:600;text-transform:uppercase\">Unsere Engagements<\/p>\n\n\n\n<p class=\"has-text-align-center has-theme-white-color has-text-color has-link-color wp-elements-e022eda1a22b3a39c0d352e07cd16e9f\" style=\"text-transform:uppercase\">Optic 2000, Partner f\u00fcr Ihre Sehgesundheit<\/p>\n<\/div><\/div><\/div><\/div><\/div>\n<\/div>\n\n            <div class=\"alignwide nos-engagements-menu-group wp-block-habefast-advanced-layout-group is-layout-constrained wp-block-habefast-advanced-layout-group-is-layout-constrained\" id=\"inhalt\">\r\n                <div class=\"wp-block-habefast-advanced-group-container is-style- is-layout-constrained alignwide\"  style='--_hfal-cg-d-lg:flex;--_hfal-cg-p-t-lg:var(--wp--preset--spacing--10);--_hfal-cg-p-b-lg:var(--wp--preset--spacing--50);--_hfal-cg-d-md:flex;--_hfal-cg-d-sm:flex;--_hfal-cg-p-t-md:var(--wp--preset--spacing--10);--_hfal-cg-p-t-sm:var(--wp--preset--spacing--10);--_hfal-cg-p-b-md:var(--wp--preset--spacing--50);--_hfal-cg-p-b-sm:var(--wp--preset--spacing--50);'>\r\n                                        <div class=\"wp-block-habefast-advanced-group-inner is-layout-flow\">\r\n                        \n<nav class='wp-block-habefast-menu'><div class=\"menu-nos-engagements-de-container\"><ul id=\"menu-nos-engagements-de\" class=\"nos-engagements-menu\"><li id=\"menu-item-45611\" class=\"menu-item menu-item-type-custom menu-item-object-custom menu-item-45611\"><a href=\"\/de\/optisches-zentrum-vorsorgeuntersuchungen-kinder-burkina-faso\/#inhalt\">Engagement in Burkina Faso<\/a><\/li>\n<li id=\"menu-item-45612\" class=\"menu-item menu-item-type-custom menu-item-object-custom menu-item-45612\"><a href=\"\/de\/optic2000-engagiert-sich-fur-pro-juventute\/#inhalt\">Engagement Pro Juventute Stiftung<\/a><\/li>\n<\/ul><\/div><\/nav>\n                    <\/div>\r\n                <\/div>\r\n            <\/div>\r\n            \n                    <\/div>\r\n                <\/div>\r\n            <\/div>\r\n            \n\n            <div class=\"hf_animated fade_bottom none default wp-block-habefast-advanced-layout-group is-layout-constrained wp-block-habefast-advanced-layout-group-is-layout-constrained\">\r\n                <div class=\"wp-block-habefast-advanced-group-container is-style- is-layout-constrained\"  style='--_hfal-cg-d-lg:flex;--_hfal-cg-d-md:flex;--_hfal-cg-d-sm:flex;'>\r\n                                        <div class=\"wp-block-habefast-advanced-group-inner is-layout-flow\">\r\n                        \n\n<h1 class=\"wp-block-heading has-large-font-size\" style=\"padding-bottom:var(--wp--preset--spacing--20)\">Ein optisches Zentrum und Vorsorgeuntersuchungen f\u00fcr Kinder in Burkina Faso<\/h1>\n\n                    <\/div>\r\n                <\/div>\r\n            <\/div>\r\n            \n\n            <div class=\"hf_animated fade_bottom none default wp-block-habefast-advanced-layout-group is-layout-constrained wp-block-habefast-advanced-layout-group-is-layout-constrained\">\r\n                <div class=\"wp-block-habefast-advanced-group-container is-style- is-layout-constrained\"  style='--_hfal-cg-d-lg:flex;--_hfal-cg-p-t-lg:var(--wp--preset--spacing--20);--_hfal-cg-d-md:flex;--_hfal-cg-d-sm:flex;--_hfal-cg-p-t-md:var(--wp--preset--spacing--20);--_hfal-cg-p-t-sm:var(--wp--preset--spacing--20);'>\r\n                                        <div class=\"wp-block-habefast-advanced-group-inner is-layout-flow\">\r\n                        \n\n<h2 class=\"wp-block-heading has-normal-font-size\" style=\"padding-bottom:0\">Optic 2000 engagiert sich f\u00fcr die Menschen in Burkina Faso<\/h2>\n\n\n\n<p class=\"\">Weil wir uns bewusst sind, dass Ungleichheiten beim Zugang zur Gesundheitsversorgung in vielen L\u00e4ndern an der Tagesordnung sind, haben wir vor mehr als 30 Jahren die Stiftung Optic 2000 &#8211; Lissac &#8211; Audio 2000 ins Leben gerufen, die gemeinsam mit dem Verein JEREMI in Burkina Faso Hilfe leistet und das notwendige optische und ophthalmologische Fachwissen zur Verf\u00fcgung stellt.<\/p>\n\n                    <\/div>\r\n                <\/div>\r\n            <\/div>\r\n            \n\n            <div class=\"hf_animated fade_bottom none default wp-block-habefast-advanced-layout-group is-layout-constrained wp-block-habefast-advanced-layout-group-is-layout-constrained\">\r\n                <div class=\"wp-block-habefast-advanced-group-container is-style- is-layout-constrained\"  style='--_hfal-cg-d-lg:flex;--_hfal-cg-p-t-lg:var(--wp--preset--spacing--20);--_hfal-cg-d-md:flex;--_hfal-cg-d-sm:flex;--_hfal-cg-p-t-md:var(--wp--preset--spacing--20);--_hfal-cg-p-t-sm:var(--wp--preset--spacing--20);'>\r\n                                        <div class=\"wp-block-habefast-advanced-group-inner is-layout-flow\">\r\n                        \n\n<h2 class=\"wp-block-heading has-normal-font-size\" style=\"padding-bottom:0\">Seit 1988 ein optisches Zentrum im Spital von Ouahigouya<\/h2>\n\n\n\n<p class=\"\">Optic 2ooo ist im Spital von Ouahigouya, einer der gr\u00f6ssten St\u00e4dte in Burkina Faso, pr\u00e4sent und hat 1988 dort ein optisches Zentrum gegr\u00fcndet, das das ganze Jahr \u00fcber dank der vor Ort ausgebildeten Mitarbeitenden und der regelm\u00e4ssigen Spenden von Brillengl\u00e4sern und Fassungen funktioniert.<\/p>\n\n\n      <div style=\"--_hfal-s-h-lg:var(--wp--preset--spacing--20);\" class=\"wp-block-habefast-spacer\"><\/div>\r\n      \n\n\n<p class=\"\">Viermal im Jahr werden Optikerinnen und Optiker entsandt, um den reibungslosen Betrieb der Werkst\u00e4tten zu gew\u00e4hrleisten und die Ausbildung der lokalen Teams fortzuf\u00fchren.<\/p>\n\n                    <\/div>\r\n                <\/div>\r\n            <\/div>\r\n            \n\n            <div class=\"wp-block-habefast-advanced-layout-group is-layout-constrained wp-block-habefast-advanced-layout-group-is-layout-constrained\">\r\n                <div class=\"wp-block-habefast-advanced-group-container is-style- is-layout-constrained\"  style='--_hfal-cg-d-lg:flex;--_hfal-cg-p-t-lg:var(--wp--preset--spacing--30);--_hfal-cg-d-md:flex;--_hfal-cg-d-sm:flex;--_hfal-cg-p-t-md:var(--wp--preset--spacing--30);--_hfal-cg-p-t-sm:var(--wp--preset--spacing--30);'>\r\n                                        <div class=\"wp-block-habefast-advanced-group-inner is-layout-flow\">\r\n                        \n<div id='block_698f1000506b9' class='alignfull is-layout-constrained'>\n<div class=\"wp-block-optic-media-content\"><div class=\"is-layout-constrained\"><div class=\"wp-block-optic-media-content-row v-25-75 va-top inverse \"><div class=\"wp-block-optic-media-content-background is-shadow-inner\"><div class=\"wp-block-optic-image-selector \"><img src=\"https:\/\/www.optic2000.ch\/wp-content\/uploads\/2024\/12\/optic2000-engagements-burkina-faso.jpg\" alt=\"Optic2000 Engagements Burkina Faso\" srcset=\"https:\/\/www.optic2000.ch\/wp-content\/uploads\/2024\/12\/optic2000-engagements-burkina-faso-150x150.jpg 150w, https:\/\/www.optic2000.ch\/wp-content\/uploads\/2024\/12\/optic2000-engagements-burkina-faso-216x300.jpg 216w, https:\/\/www.optic2000.ch\/wp-content\/uploads\/2024\/12\/optic2000-engagements-burkina-faso.jpg 241w\" sizes=\"(max-width: 150px) 150px, (max-width: 216px) 216px, (max-width: 241px) 241px, 241px\" loading=\"lazy\" class=\"wp-block-optic-image-selector-img \" decoding=\"async\"\/><\/div><\/div><div class=\"wp-block-optic-media-content-content\"><div>            <div class=\"hf_animated fade_bottom none default wp-block-habefast-advanced-layout-group is-layout-constrained wp-block-habefast-advanced-layout-group-is-layout-constrained\">\r\n                <div class=\"wp-block-habefast-advanced-group-container is-style- is-layout-constrained\"  style='--_hfal-cg-d-lg:flex;--_hfal-cg-p-t-lg:0;--_hfal-cg-d-md:flex;--_hfal-cg-d-sm:flex;'>\r\n                                        <div class=\"wp-block-habefast-advanced-group-inner is-layout-flow\">\r\n                        \n\n<h2 class=\"wp-block-heading has-normal-font-size\" style=\"padding-bottom:0\">\u00abBrillen f\u00fcr Kinder in Afrika\u00bb in Yatenga<\/h2>\n\n\n\n<p class=\"\">Mit der Aktion \u00abBrillen f\u00fcr Kinder in Afrika\u00bb, die 2009 zum ersten Mal durchgef\u00fchrt wurde, unternahm die Stiftung Optic 2000 Lissac Audio 2000 mit Hilfe von Augen\u00e4rzt.innen und den Mitarbeitenden des Optikzentrums in Ouahigouya ein Fr\u00fcherkennungsprogramm f\u00fcr Kinder der Grundschulen und Gymnasien in der Provinz Yatenga. Jugendliche, die eine Brille ben\u00f6tigen, erhalten diese kostenlos. Es wurden bereits 14&#8217;000 Kinder getestet und mehr als 800 mit Brillen ausgestattet. Diese Aktion wurde in Zusammenarbeit mit dem Verein JEREMI aus Dijon und mit der Unterst\u00fctzung von BBGR durchgef\u00fchrt.   <\/p>\n\n\n      <div style=\"--_hfal-s-h-lg:var(--wp--preset--spacing--20);\" class=\"wp-block-habefast-spacer\"><\/div>\r\n      \n\n\n<p class=\"\">Die jungen Burkiner.innen mit einem Sehproblem erhielten eine kostenlose Brille, die ihnen einen normalen Schulbesuch erm\u00f6glicht. Kinder und Jugendliche mit einer optischen Pathologie, die einen chirurgischen Eingriff erforderte, wurden von der \u00f6rtlichen Augenklinik behandelt. Jedes Team bestand aus einem Augenarzt oder einer Augen\u00e4rztin, einem Optiker oder einer Optikerin des Burkina-Komitees, 4 freiwilligen Optiker.innen, einem Studierenden und einem Mitglied der Struktur Optic 2000. <\/p>\n\n\n      <div style=\"--_hfal-s-h-lg:var(--wp--preset--spacing--20);\" class=\"wp-block-habefast-spacer\"><\/div>\r\n      \n\n\n<p class=\"\">Jedes Jahr wiederholt Optic 2000 diese humanit\u00e4re Aktion in Yatenga.<\/p>\n\n                    <\/div>\r\n                <\/div>\r\n            <\/div>\r\n            <\/div><\/div><\/div><\/div><\/div>\n<\/div>\n                    <\/div>\r\n                <\/div>\r\n            <\/div>\r\n            \n\n            <div class=\"hf_animated fade_bottom none default wp-block-habefast-advanced-layout-group is-layout-constrained wp-block-habefast-advanced-layout-group-is-layout-constrained\">\r\n                <div class=\"wp-block-habefast-advanced-group-container is-style- is-layout-constrained\"  style='--_hfal-cg-d-lg:flex;--_hfal-cg-d-md:flex;--_hfal-cg-d-sm:flex;'>\r\n                                        <div class=\"wp-block-habefast-advanced-group-inner is-layout-flow\">\r\n                        \n\n<h2 class=\"wp-block-heading has-normal-font-size\" style=\"padding-bottom:0\">SCHENKEN SIE IHRER BRILLE EIN ZWEITES LEBEN<\/h2>\n\n\n\n<p class=\"\">Jeder von uns hat eine alte Brille, die in einer Schublade schlummert. Bringen Sie sie mit und werfen Sie sie in eine der Urnen, die in allen Optic 2000 Gesch\u00e4ften aufgestellt sind: Sie schenken so Ihrer Brille ein zweites Leben und tragen dazu bei, dass ein Mensch in Burkina Faso wieder gut sehen kann. Die Marke sammelt und sortiert seit \u00fcber 25 Jahren Brillen, was jedes Jahr fast 200&#8217;000 Brillen ergibt.  <\/p>\n\n\n      <div style=\"--_hfal-s-h-lg:var(--wp--preset--spacing--20);\" class=\"wp-block-habefast-spacer\"><\/div>\r\n      \n\n\n<p class=\"\">Heute unterst\u00fctzt die von Optic 2000 gegr\u00fcndete Stiftung den Verein JEREMI finanziell im Rahmen seiner humanit\u00e4ren Aktionen, die den Zugang zur optischen und ophthalmologischen Versorgung der Bev\u00f6lkerung in Burkina Faso erleichtern. Ihre Aktionen bestehen haupts\u00e4chlich aus der finanziellen und personellen Zuwendung f\u00fcr lokale Einrichtungen. Sie unterst\u00fctzen insbesondere die Augenstation des Krankenhauses von Dori, das medizinische Zentrum der Benediktinerm\u00f6nche in der Stadt Koubri und das Krankenhaus von Schiphra in der N\u00e4he von Ouagadougou.  <\/p>\n\n                    <\/div>\r\n                <\/div>\r\n            <\/div>\r\n            ","protected":false},"excerpt":{"rendered":"","protected":false},"author":1,"featured_media":0,"parent":0,"menu_order":0,"comment_status":"closed","ping_status":"closed","template":"","meta":{"_acf_changed":false,"_optic_post_header_transparent":true,"_optic_post_header_white_mobile":false,"_optic_post_header_transparent_black":false,"_optic_post_hide_rdv_button":false,"_optic_post_hide_footer_margintop":false,"_optic_post_is_audition":false,"_optic_post_is_concours_noel":false,"_optic_post_animate_menu_logo":false,"_optic_post_translations":[],"_optic_post_title":"","_optic_post_description":"","footnotes":""},"optic_page_cat":[],"class_list":["post-43058","page","type-page","status-publish","hentry"],"acf":[],"yoast_head":"<!-- This site is optimized with the Yoast SEO plugin v26.9 - https:\/\/yoast.com\/product\/yoast-seo-wordpress\/ -->\n<meta name=\"description\" content=\"Erfahre mehr \u00fcber unser humanit\u00e4res Engagement in Burkina Faso. Seit \u00fcber 30 Jahren setzt sich Optic 2000 gemeinsam mit der JEREMI-Stiftung f\u00fcr Augenpflege ein.\" \/>\n<meta name=\"robots\" content=\"index, follow, max-snippet:-1, max-image-preview:large, max-video-preview:-1\" \/>\n<link rel=\"canonical\" href=\"https:\/\/www.optic2000.ch\/de\/optisches-zentrum-vorsorgeuntersuchungen-kinder-burkina-faso\/\" \/>\n<meta property=\"og:locale\" content=\"de_DE\" \/>\n<meta property=\"og:type\" content=\"article\" \/>\n<meta property=\"og:title\" content=\"Optisches Zentrum in Burkina Faso | Optic 2000\" \/>\n<meta property=\"og:description\" content=\"Erfahre mehr \u00fcber unser humanit\u00e4res Engagement in Burkina Faso. Seit \u00fcber 30 Jahren setzt sich Optic 2000 gemeinsam mit der JEREMI-Stiftung f\u00fcr Augenpflege ein.\" \/>\n<meta property=\"og:url\" content=\"https:\/\/www.optic2000.ch\/de\/optisches-zentrum-vorsorgeuntersuchungen-kinder-burkina-faso\/\" \/>\n<meta property=\"og:site_name\" content=\"Optic 2000\" \/>\n<meta property=\"article:modified_time\" content=\"2025-01-05T07:08:01+00:00\" \/>\n<meta property=\"og:image\" content=\"https:\/\/www.optic2000.ch\/wp-content\/uploads\/2024\/12\/optic2000-engagements-burkina-faso.jpg\" \/>\n<meta name=\"twitter:card\" content=\"summary_large_image\" \/>\n<meta name=\"twitter:label1\" content=\"Gesch\u00e4tzte Lesezeit\" \/>\n\t<meta name=\"twitter:data1\" content=\"2\u00a0Minute\" \/>\n<script type=\"application\/ld+json\" class=\"yoast-schema-graph\">{\"@context\":\"https:\/\/schema.org\",\"@graph\":[{\"@type\":\"WebPage\",\"@id\":\"https:\/\/www.optic2000.ch\/de\/optisches-zentrum-vorsorgeuntersuchungen-kinder-burkina-faso\/\",\"url\":\"https:\/\/www.optic2000.ch\/de\/optisches-zentrum-vorsorgeuntersuchungen-kinder-burkina-faso\/\",\"name\":\"Optisches Zentrum in Burkina Faso | Optic 2000\",\"isPartOf\":{\"@id\":\"https:\/\/www.optic2000.ch\/de\/#website\"},\"primaryImageOfPage\":{\"@id\":\"https:\/\/www.optic2000.ch\/de\/optisches-zentrum-vorsorgeuntersuchungen-kinder-burkina-faso\/#primaryimage\"},\"image\":{\"@id\":\"https:\/\/www.optic2000.ch\/de\/optisches-zentrum-vorsorgeuntersuchungen-kinder-burkina-faso\/#primaryimage\"},\"thumbnailUrl\":\"https:\/\/www.optic2000.ch\/wp-content\/uploads\/2024\/12\/optic2000-engagements-burkina-faso.jpg\",\"datePublished\":\"2024-11-25T13:14:26+00:00\",\"dateModified\":\"2025-01-05T07:08:01+00:00\",\"description\":\"Erfahre mehr \u00fcber unser humanit\u00e4res Engagement in Burkina Faso. Seit \u00fcber 30 Jahren setzt sich Optic 2000 gemeinsam mit der JEREMI-Stiftung f\u00fcr Augenpflege ein.\",\"breadcrumb\":{\"@id\":\"https:\/\/www.optic2000.ch\/de\/optisches-zentrum-vorsorgeuntersuchungen-kinder-burkina-faso\/#breadcrumb\"},\"inLanguage\":\"de\",\"potentialAction\":[{\"@type\":\"ReadAction\",\"target\":[\"https:\/\/www.optic2000.ch\/de\/optisches-zentrum-vorsorgeuntersuchungen-kinder-burkina-faso\/\"]}]},{\"@type\":\"ImageObject\",\"inLanguage\":\"de\",\"@id\":\"https:\/\/www.optic2000.ch\/de\/optisches-zentrum-vorsorgeuntersuchungen-kinder-burkina-faso\/#primaryimage\",\"url\":\"https:\/\/www.optic2000.ch\/wp-content\/uploads\/2024\/12\/optic2000-engagements-burkina-faso.jpg\",\"contentUrl\":\"https:\/\/www.optic2000.ch\/wp-content\/uploads\/2024\/12\/optic2000-engagements-burkina-faso.jpg\"},{\"@type\":\"BreadcrumbList\",\"@id\":\"https:\/\/www.optic2000.ch\/de\/optisches-zentrum-vorsorgeuntersuchungen-kinder-burkina-faso\/#breadcrumb\",\"itemListElement\":[{\"@type\":\"ListItem\",\"position\":1,\"name\":\"Accueil\",\"item\":\"https:\/\/www.optic2000.ch\/de\/\"},{\"@type\":\"ListItem\",\"position\":2,\"name\":\"Ein optisches Zentrum und Vorsorgeuntersuchungen f\u00fcr Kinder in Burkina Faso\"}]},{\"@type\":\"WebSite\",\"@id\":\"https:\/\/www.optic2000.ch\/de\/#website\",\"url\":\"https:\/\/www.optic2000.ch\/de\/\",\"name\":\"Optic 2000\",\"description\":\"\",\"potentialAction\":[{\"@type\":\"SearchAction\",\"target\":{\"@type\":\"EntryPoint\",\"urlTemplate\":\"https:\/\/www.optic2000.ch\/de\/?s={search_term_string}\"},\"query-input\":{\"@type\":\"PropertyValueSpecification\",\"valueRequired\":true,\"valueName\":\"search_term_string\"}}],\"inLanguage\":\"de\"}]}<\/script>\n<!-- \/ Yoast SEO plugin. -->","yoast_head_json":{"description":"Erfahre mehr \u00fcber unser humanit\u00e4res Engagement in Burkina Faso. Seit \u00fcber 30 Jahren setzt sich Optic 2000 gemeinsam mit der JEREMI-Stiftung f\u00fcr Augenpflege ein.","robots":{"index":"index","follow":"follow","max-snippet":"max-snippet:-1","max-image-preview":"max-image-preview:large","max-video-preview":"max-video-preview:-1"},"canonical":"https:\/\/www.optic2000.ch\/de\/optisches-zentrum-vorsorgeuntersuchungen-kinder-burkina-faso\/","og_locale":"de_DE","og_type":"article","og_title":"Optisches Zentrum in Burkina Faso | Optic 2000","og_description":"Erfahre mehr \u00fcber unser humanit\u00e4res Engagement in Burkina Faso. Seit \u00fcber 30 Jahren setzt sich Optic 2000 gemeinsam mit der JEREMI-Stiftung f\u00fcr Augenpflege ein.","og_url":"https:\/\/www.optic2000.ch\/de\/optisches-zentrum-vorsorgeuntersuchungen-kinder-burkina-faso\/","og_site_name":"Optic 2000","article_modified_time":"2025-01-05T07:08:01+00:00","og_image":[{"url":"https:\/\/www.optic2000.ch\/wp-content\/uploads\/2024\/12\/optic2000-engagements-burkina-faso.jpg","type":"","width":"","height":""}],"twitter_card":"summary_large_image","twitter_misc":{"Gesch\u00e4tzte Lesezeit":"2\u00a0Minute"},"schema":{"@context":"https:\/\/schema.org","@graph":[{"@type":"WebPage","@id":"https:\/\/www.optic2000.ch\/de\/optisches-zentrum-vorsorgeuntersuchungen-kinder-burkina-faso\/","url":"https:\/\/www.optic2000.ch\/de\/optisches-zentrum-vorsorgeuntersuchungen-kinder-burkina-faso\/","name":"Optisches Zentrum in Burkina Faso | Optic 2000","isPartOf":{"@id":"https:\/\/www.optic2000.ch\/de\/#website"},"primaryImageOfPage":{"@id":"https:\/\/www.optic2000.ch\/de\/optisches-zentrum-vorsorgeuntersuchungen-kinder-burkina-faso\/#primaryimage"},"image":{"@id":"https:\/\/www.optic2000.ch\/de\/optisches-zentrum-vorsorgeuntersuchungen-kinder-burkina-faso\/#primaryimage"},"thumbnailUrl":"https:\/\/www.optic2000.ch\/wp-content\/uploads\/2024\/12\/optic2000-engagements-burkina-faso.jpg","datePublished":"2024-11-25T13:14:26+00:00","dateModified":"2025-01-05T07:08:01+00:00","description":"Erfahre mehr \u00fcber unser humanit\u00e4res Engagement in Burkina Faso. Seit \u00fcber 30 Jahren setzt sich Optic 2000 gemeinsam mit der JEREMI-Stiftung f\u00fcr Augenpflege ein.","breadcrumb":{"@id":"https:\/\/www.optic2000.ch\/de\/optisches-zentrum-vorsorgeuntersuchungen-kinder-burkina-faso\/#breadcrumb"},"inLanguage":"de","potentialAction":[{"@type":"ReadAction","target":["https:\/\/www.optic2000.ch\/de\/optisches-zentrum-vorsorgeuntersuchungen-kinder-burkina-faso\/"]}]},{"@type":"ImageObject","inLanguage":"de","@id":"https:\/\/www.optic2000.ch\/de\/optisches-zentrum-vorsorgeuntersuchungen-kinder-burkina-faso\/#primaryimage","url":"https:\/\/www.optic2000.ch\/wp-content\/uploads\/2024\/12\/optic2000-engagements-burkina-faso.jpg","contentUrl":"https:\/\/www.optic2000.ch\/wp-content\/uploads\/2024\/12\/optic2000-engagements-burkina-faso.jpg"},{"@type":"BreadcrumbList","@id":"https:\/\/www.optic2000.ch\/de\/optisches-zentrum-vorsorgeuntersuchungen-kinder-burkina-faso\/#breadcrumb","itemListElement":[{"@type":"ListItem","position":1,"name":"Accueil","item":"https:\/\/www.optic2000.ch\/de\/"},{"@type":"ListItem","position":2,"name":"Ein optisches Zentrum und Vorsorgeuntersuchungen f\u00fcr Kinder in Burkina Faso"}]},{"@type":"WebSite","@id":"https:\/\/www.optic2000.ch\/de\/#website","url":"https:\/\/www.optic2000.ch\/de\/","name":"Optic 2000","description":"","potentialAction":[{"@type":"SearchAction","target":{"@type":"EntryPoint","urlTemplate":"https:\/\/www.optic2000.ch\/de\/?s={search_term_string}"},"query-input":{"@type":"PropertyValueSpecification","valueRequired":true,"valueName":"search_term_string"}}],"inLanguage":"de"}]}},"_links":{"self":[{"href":"https:\/\/www.optic2000.ch\/de\/wp-json\/wp\/v2\/pages\/43058","targetHints":{"allow":["GET"]}}],"collection":[{"href":"https:\/\/www.optic2000.ch\/de\/wp-json\/wp\/v2\/pages"}],"about":[{"href":"https:\/\/www.optic2000.ch\/de\/wp-json\/wp\/v2\/types\/page"}],"author":[{"embeddable":true,"href":"https:\/\/www.optic2000.ch\/de\/wp-json\/wp\/v2\/users\/1"}],"replies":[{"embeddable":true,"href":"https:\/\/www.optic2000.ch\/de\/wp-json\/wp\/v2\/comments?post=43058"}],"version-history":[{"count":2,"href":"https:\/\/www.optic2000.ch\/de\/wp-json\/wp\/v2\/pages\/43058\/revisions"}],"predecessor-version":[{"id":43627,"href":"https:\/\/www.optic2000.ch\/de\/wp-json\/wp\/v2\/pages\/43058\/revisions\/43627"}],"wp:attachment":[{"href":"https:\/\/www.optic2000.ch\/de\/wp-json\/wp\/v2\/media?parent=43058"}],"wp:term":[{"taxonomy":"optic_page_cat","embeddable":true,"href":"https:\/\/www.optic2000.ch\/de\/wp-json\/wp\/v2\/optic_page_cat?post=43058"}],"curies":[{"name":"wp","href":"https:\/\/api.w.org\/{rel}","templated":true}]}}