{"id":43073,"date":"2024-11-25T11:26:35","date_gmt":"2024-11-25T10:26:35","guid":{"rendered":"https:\/\/www.optic2000.ch\/tecnik-ava\/"},"modified":"2025-01-07T14:27:44","modified_gmt":"2025-01-07T13:27:44","slug":"tecnik-ava","status":"publish","type":"page","link":"https:\/\/www.optic2000.ch\/de\/tecnik-ava\/","title":{"rendered":"Essilor\u00ae Ava\u2122, ophthalmologische untersuchungen auf dem neuesten stand der technik"},"content":{"rendered":"            <div class=\"alignfull wp-block-habefast-advanced-layout-group is-layout-constrained wp-block-habefast-advanced-layout-group-is-layout-constrained\">\r\n                <div class=\"wp-block-habefast-advanced-group-container is-style- is-layout-constrained alignfull\"  style='--_hfal-cg-d-lg:flex;--_hfal-cg-d-md:flex;--_hfal-cg-d-sm:flex;'>\r\n                                        <div class=\"wp-block-habefast-advanced-group-inner is-layout-flow\">\r\n                        \n<div id='block_698f0f2d73729' class='wp-block-optic-banner-wrap alignfull '>\n<div class=\"wp-block-optic-banner alignfull is-maxwidth-alignfull is-contentalign-bottom  is-constrains is-height-normal is-shadow-height is-overlaidonmenu hf_animated fade_bottom default\" style=\"--mobilePosX:50%;--mobilePosY:50%\"><div class=\"wp-block-optic-banner-container\"><div class=\"wp-block-optic-banner-background\"><div class=\"wp-block-optic-image-selector \"><img src=\"https:\/\/www.optic2000.ch\/wp-content\/uploads\/2025\/03\/optic-2000-engagements-scaled.jpg\" alt=\"Optic 2000 Engagements\" srcset=\"https:\/\/www.optic2000.ch\/wp-content\/uploads\/2025\/03\/optic-2000-engagements-150x150.jpg 150w, https:\/\/www.optic2000.ch\/wp-content\/uploads\/2025\/03\/optic-2000-engagements-300x106.jpg 300w, https:\/\/www.optic2000.ch\/wp-content\/uploads\/2025\/03\/optic-2000-engagements-1024x361.jpg 640w, https:\/\/www.optic2000.ch\/wp-content\/uploads\/2025\/03\/optic-2000-engagements-scaled.jpg 2560w\" sizes=\"(max-width: 150px) 150px, (max-width: 300px) 300px, (max-width: 640px) 640px, (max-width: 2560px) 2560px, 2560px\" loading=\"lazy\" class=\"wp-block-optic-image-selector-img \" decoding=\"async\"\/><\/div><\/div><div class=\"wp-block-optic-banner-content\"><div class=\"wp-block-optic-banner-content-inner\"><div class=\"wp-block-optic-banner-content-inner-container\">\n<p class=\"has-text-align-center has-theme-white-color has-text-color has-link-color has-large-font-size wp-elements-f9d38f99ba363e2049e0e8ed19159f4f\" style=\"font-style:normal;font-weight:600;text-transform:uppercase\">Unsere Engagements<\/p>\n\n\n\n<p class=\"has-text-align-center has-theme-white-color has-text-color has-link-color wp-elements-e022eda1a22b3a39c0d352e07cd16e9f\" style=\"text-transform:uppercase\">Optic 2000, Partner f\u00fcr Ihre Sehgesundheit<\/p>\n<\/div><\/div><\/div><\/div><\/div>\n<\/div>\n\n            <div class=\"alignwide nos-engagements-menu-group wp-block-habefast-advanced-layout-group is-layout-constrained wp-block-habefast-advanced-layout-group-is-layout-constrained\" id=\"inhalt\">\r\n                <div class=\"wp-block-habefast-advanced-group-container is-style- is-layout-constrained alignwide\"  style='--_hfal-cg-d-lg:flex;--_hfal-cg-p-t-lg:var(--wp--preset--spacing--10);--_hfal-cg-p-b-lg:var(--wp--preset--spacing--50);--_hfal-cg-d-md:flex;--_hfal-cg-d-sm:flex;--_hfal-cg-p-t-md:var(--wp--preset--spacing--10);--_hfal-cg-p-t-sm:var(--wp--preset--spacing--10);--_hfal-cg-p-b-md:var(--wp--preset--spacing--50);--_hfal-cg-p-b-sm:var(--wp--preset--spacing--50);'>\r\n                                        <div class=\"wp-block-habefast-advanced-group-inner is-layout-flow\">\r\n                        \n<nav class='wp-block-habefast-menu'><div class=\"menu-nos-engagements-de-container\"><ul id=\"menu-nos-engagements-de\" class=\"nos-engagements-menu\"><li id=\"menu-item-45611\" class=\"menu-item menu-item-type-custom menu-item-object-custom menu-item-45611\"><a href=\"\/de\/optisches-zentrum-vorsorgeuntersuchungen-kinder-burkina-faso\/#inhalt\">Engagement in Burkina Faso<\/a><\/li>\n<li id=\"menu-item-45612\" class=\"menu-item menu-item-type-custom menu-item-object-custom menu-item-45612\"><a href=\"\/de\/optic2000-engagiert-sich-fur-pro-juventute\/#inhalt\">Engagement Pro Juventute Stiftung<\/a><\/li>\n<\/ul><\/div><\/nav>\n                    <\/div>\r\n                <\/div>\r\n            <\/div>\r\n            \n                    <\/div>\r\n                <\/div>\r\n            <\/div>\r\n            \n\n            <div class=\"hf_animated fade_bottom none default wp-block-habefast-advanced-layout-group is-layout-constrained wp-block-habefast-advanced-layout-group-is-layout-constrained\">\r\n                <div class=\"wp-block-habefast-advanced-group-container is-style- is-layout-constrained\"  style='--_hfal-cg-d-lg:flex;--_hfal-cg-d-md:flex;--_hfal-cg-d-sm:flex;'>\r\n                                        <div class=\"wp-block-habefast-advanced-group-inner is-layout-flow\">\r\n                        \n\n<h1 class=\"wp-block-heading has-large-font-size\" style=\"padding-bottom:var(--wp--preset--spacing--20)\">ESSILOR\u00ae AVA\u2122, OPHTHALMOLOGISCHE UNTERSUCHUNGEN AUF DEM NEUESTEN STAND DER Augenoptikindustrie<\/h1>\n\n                    <\/div>\r\n                <\/div>\r\n            <\/div>\r\n            \n\n            <div class=\"hf_animated fade_bottom none default wp-block-habefast-advanced-layout-group is-layout-constrained wp-block-habefast-advanced-layout-group-is-layout-constrained\">\r\n                <div class=\"wp-block-habefast-advanced-group-container is-style- is-layout-constrained\"  style='--_hfal-cg-d-lg:flex;--_hfal-cg-p-t-lg:var(--wp--preset--spacing--20);--_hfal-cg-d-md:flex;--_hfal-cg-d-sm:flex;--_hfal-cg-p-t-md:var(--wp--preset--spacing--20);--_hfal-cg-p-t-sm:var(--wp--preset--spacing--20);'>\r\n                                        <div class=\"wp-block-habefast-advanced-group-inner is-layout-flow\">\r\n                        \n\n<h2 class=\"wp-block-heading has-normal-font-size\" style=\"padding-bottom:0\">Essilor\u00ae AVA\u2122, eine Innovation in der Optikindustrie<\/h2>\n\n\n\n<p class=\"\">Bisher wurden bei Sehtests Sehschw\u00e4chen nur in Schritten von einer Vierteldioptrie festgestellt. In 95% der F\u00e4lle hat das menschliche Auge jedoch feinere Dioptrienstufen.<\/p>\n\n\n\n<p class=\"\">Essilor, der Spezialist f\u00fcr optische Ger\u00e4te, war bestrebt, seine Sehtestmethoden zu verbessern und pr\u00e4zisere Verschreibungen anzubieten. So entstand Essilor\u00ae AVA\u2122 (Advanced Vision Acuracy), eine Innovation, die Ihren Sehkomfort verbessert.<\/p>\n\n                    <\/div>\r\n                <\/div>\r\n            <\/div>\r\n            \n\n            <div class=\"hf_animated fade_bottom none default wp-block-habefast-advanced-layout-group is-layout-constrained wp-block-habefast-advanced-layout-group-is-layout-constrained\">\r\n                <div class=\"wp-block-habefast-advanced-group-container is-style- is-layout-constrained\"  style='--_hfal-cg-d-lg:flex;--_hfal-cg-p-t-lg:var(--wp--preset--spacing--20);--_hfal-cg-d-md:flex;--_hfal-cg-d-sm:flex;--_hfal-cg-p-t-md:var(--wp--preset--spacing--20);--_hfal-cg-p-t-sm:var(--wp--preset--spacing--20);'>\r\n                                        <div class=\"wp-block-habefast-advanced-group-inner is-layout-flow\">\r\n                        \n\n<h2 class=\"wp-block-heading has-normal-font-size\" style=\"padding-bottom:0\">Essilor\u00ae AVA\u2122 \u2013 was ist das?<\/h2>\n\n\n\n<p class=\"\">2018 f\u00fchrte die wissenschaftliche Forschung von Essilor zu einem neuen, pr\u00e4ziseren Ansatz, der die Refraktion des Auges als Ganzes misst. Dank der hochpr\u00e4zisen Technologie der Linsen mit variabler Brennweite haben Essilor\u00ae AVA\u2122 und das Ger\u00e4t Vision-R 800 den Sehtest wirklich neu erfunden. Diese Linse, die die Korrektur verbessert, erh\u00f6ht die Genauigkeit der Untersuchung um das 25-fache.<\/p>\n\n\n      <div style=\"--_hfal-s-h-lg:var(--wp--preset--spacing--30);\" class=\"wp-block-habefast-spacer\"><\/div>\r\n      \n\n\n<p class=\"\">Essilor tr\u00e4gt Sorge f\u00fcr Ihr Sehverm\u00f6gen und verpflichtet sich, Ihnen leistungsstarke Technologien anzubieten, die die Diagnose Ihres Sehverm\u00f6gens optimieren. So erhalten Sie Brillengl\u00e4ser von einwandfreier Qualit\u00e4t, die perfekt auf Ihre Augen abgestimmt sind.<\/p>\n\n                    <\/div>\r\n                <\/div>\r\n            <\/div>\r\n            \n\n            <div class=\"hf_animated fade_bottom none default wp-block-habefast-advanced-layout-group is-layout-constrained wp-block-habefast-advanced-layout-group-is-layout-constrained\">\r\n                <div class=\"wp-block-habefast-advanced-group-container is-style- is-layout-constrained\"  style='--_hfal-cg-d-lg:flex;--_hfal-cg-p-t-lg:var(--wp--preset--spacing--30);--_hfal-cg-d-md:flex;--_hfal-cg-d-sm:flex;--_hfal-cg-p-t-md:var(--wp--preset--spacing--30);--_hfal-cg-p-t-sm:var(--wp--preset--spacing--30);'>\r\n                                        <div class=\"wp-block-habefast-advanced-group-inner is-layout-flow\">\r\n                        \n\n<h3 class=\"wp-block-heading has-normal-font-size\" style=\"padding-bottom:0\">Der Sehtest mit Essilor\u00ae AVA\u2122<\/h3>\n\n\n\n<ul class=\"wp-block-list is-style-square-spaced\">\n<li class=\"\">Ihr Optic 2000 Optiker f\u00fchrt hochpr\u00e4zise Sehtests durch. Mit Hilfe von Essilor\u00ae AVA\u2122 bestimmt er die Refraktion Ihres Auges auf ein Hundertstel Dioptrien genau.<\/li>\n\n\n\n<li class=\"\">Ihr Optiker misst dann Ihre Augen f\u00fcr eine genaue Diagnose, um Ihnen die Korrektur zu empfehlen, die Sie ben\u00f6tigen.<\/li>\n\n\n\n<li class=\"\">In den internen Werkst\u00e4tten von Optic 2000 wird Ihre Brillenverschreibung sorgf\u00e4ltig in den Varilux\u00ae- oder Eyezen\u00ae-Technologie-Gl\u00e4sern umgesetzt. Diese Gl\u00e4ser sind die leistungsf\u00e4higsten auf dem Markt und werden nach Mass mit der genauen neuen Verschreibung angefertigt.<\/li>\n<\/ul>\n\n\n\n<p class=\"has-text-align-center\">Sie haben die Garantie f\u00fcr einen wesentlich konstanteren Sehkomfort im Alltag, mit einer un\u00fcbertroffenen Sehsch\u00e4rfe.<\/p>\n\n                    <\/div>\r\n                <\/div>\r\n            <\/div>\r\n            \n\n            <div class=\"hf_animated fade_bottom none default wp-block-habefast-advanced-layout-group is-layout-constrained wp-block-habefast-advanced-layout-group-is-layout-constrained\">\r\n                <div class=\"wp-block-habefast-advanced-group-container is-style- is-layout-constrained\"  style='--_hfal-cg-d-lg:flex;--_hfal-cg-p-t-lg:var(--wp--preset--spacing--20);--_hfal-cg-d-md:flex;--_hfal-cg-d-sm:flex;--_hfal-cg-p-t-md:var(--wp--preset--spacing--20);--_hfal-cg-p-t-sm:var(--wp--preset--spacing--20);'>\r\n                                        <div class=\"wp-block-habefast-advanced-group-inner is-layout-flow\">\r\n                        \n\n<h3 class=\"wp-block-heading has-normal-font-size\" style=\"padding-bottom:0\">Warum revolutioniert Essilor\u00ae AVA\u2122 den Sehtest?<\/h3>\n\n\n\n<ul class=\"wp-block-list is-style-square-spaced\">\n<li class=\"\">Eine unerreichte Pr\u00e4zision.<\/li>\n\n\n\n<li class=\"\">Ein neu entwickelter Prozess f\u00fcr ein besseres und komfortableres Seherlebnis.<\/li>\n\n\n\n<li class=\"\">Ein massgeschneidertes Ergebnis, das Ihre Sehgewohnheiten und Ihr Sehverhalten ber\u00fccksichtigt, um Ihre Erwartungen zu erf\u00fcllen.<\/li>\n\n\n\n<li class=\"\">Ein verbesserter Sehkomfort: Sehen Sie dank der hochpr\u00e4zisen Sehkraft das Leben aus einem neuen Blickwinkel.<\/li>\n<\/ul>\n\n\n\n<p class=\"\">Sie k\u00f6nnen auch von einer einzigartigen Analyse Ihres Sehverm\u00f6gens mit den Optionen Fit und Eyecode profitieren. Diese Technologien erm\u00f6glichen es Ihnen, Ihr Sehverm\u00f6gen jeder Situation anzupassen. Wenden Sie sich an Ihren Optic 2000 Optiker, wenn Sie mehr \u00fcber Essilor\u00ae AVA\u2122\ufe0f erfahren m\u00f6chten.<\/p>\n\n                    <\/div>\r\n                <\/div>\r\n            <\/div>\r\n            \n\n            <div class=\"hf_animated fade_bottom none default wp-block-habefast-advanced-layout-group is-layout-constrained wp-block-habefast-advanced-layout-group-is-layout-constrained\">\r\n                <div class=\"wp-block-habefast-advanced-group-container is-style- is-layout-constrained\"  style='--_hfal-cg-d-lg:flex;--_hfal-cg-p-t-lg:var(--wp--preset--spacing--20);--_hfal-cg-d-md:flex;--_hfal-cg-d-sm:flex;--_hfal-cg-p-t-md:var(--wp--preset--spacing--20);--_hfal-cg-p-t-sm:var(--wp--preset--spacing--20);'>\r\n                                        <div class=\"wp-block-habefast-advanced-group-inner is-layout-flow\">\r\n                        \n\n<h2 class=\"wp-block-heading has-normal-font-size\" style=\"padding-bottom:0\">Profitieren Sie von Essilor\u00ae AVA\u2122 bei Ihrem Optiker<\/h2>\n\n\n\n<p class=\"\">Warten Sie nicht l\u00e4nger! Gehen Sie zu Ihrem Optiker Optic 2000, einem Essilor-Partner, um von diesen Vorteilen zu profitieren.<\/p>\n\n                    <\/div>\r\n                <\/div>\r\n            <\/div>\r\n            ","protected":false},"excerpt":{"rendered":"","protected":false},"author":1,"featured_media":0,"parent":0,"menu_order":0,"comment_status":"closed","ping_status":"closed","template":"","meta":{"_acf_changed":false,"_optic_post_header_transparent":true,"_optic_post_header_white_mobile":false,"_optic_post_header_transparent_black":false,"_optic_post_hide_rdv_button":false,"_optic_post_hide_footer_margintop":false,"_optic_post_is_audition":false,"_optic_post_is_concours_noel":false,"_optic_post_animate_menu_logo":false,"_optic_post_translations":[],"_optic_post_title":"","_optic_post_description":"","footnotes":""},"optic_page_cat":[],"class_list":["post-43073","page","type-page","status-publish","hentry"],"acf":[],"yoast_head":"<!-- This site is optimized with the Yoast SEO plugin v26.9 - https:\/\/yoast.com\/product\/yoast-seo-wordpress\/ -->\n<meta name=\"description\" content=\"Profitieren Sie von un\u00fcbertroffen pr\u00e4zisen Sehtests mit der AVA\u2122-Technologie. Besuchen Sie unsere Optiker, die mit dieser Technologie ausgestattet sind, und lassen Sie sich Rezepte ausstellen, die perfekt auf Ihre Sehbed\u00fcrfnisse zugeschnitten sind!\" \/>\n<meta name=\"robots\" content=\"index, follow, max-snippet:-1, max-image-preview:large, max-video-preview:-1\" \/>\n<link rel=\"canonical\" href=\"https:\/\/www.optic2000.ch\/de\/tecnik-ava\/\" \/>\n<meta property=\"og:locale\" content=\"de_DE\" \/>\n<meta property=\"og:type\" content=\"article\" \/>\n<meta property=\"og:title\" content=\"Die AVA\u2122Technologie f\u00fcr Ihre Augenuntersuchungen | Optic 2000\" \/>\n<meta property=\"og:description\" content=\"Profitieren Sie von un\u00fcbertroffen pr\u00e4zisen Sehtests mit der AVA\u2122-Technologie. Besuchen Sie unsere Optiker, die mit dieser Technologie ausgestattet sind, und lassen Sie sich Rezepte ausstellen, die perfekt auf Ihre Sehbed\u00fcrfnisse zugeschnitten sind!\" \/>\n<meta property=\"og:url\" content=\"https:\/\/www.optic2000.ch\/de\/tecnik-ava\/\" \/>\n<meta property=\"og:site_name\" content=\"Optic 2000\" \/>\n<meta property=\"article:modified_time\" content=\"2025-01-07T13:27:44+00:00\" \/>\n<meta name=\"twitter:card\" content=\"summary_large_image\" \/>\n<meta name=\"twitter:label1\" content=\"Gesch\u00e4tzte Lesezeit\" \/>\n\t<meta name=\"twitter:data1\" content=\"2\u00a0Minute\" \/>\n<script type=\"application\/ld+json\" class=\"yoast-schema-graph\">{\"@context\":\"https:\/\/schema.org\",\"@graph\":[{\"@type\":\"WebPage\",\"@id\":\"https:\/\/www.optic2000.ch\/de\/tecnik-ava\/\",\"url\":\"https:\/\/www.optic2000.ch\/de\/tecnik-ava\/\",\"name\":\"Die AVA\u2122Technologie f\u00fcr Ihre Augenuntersuchungen | Optic 2000\",\"isPartOf\":{\"@id\":\"https:\/\/www.optic2000.ch\/de\/#website\"},\"datePublished\":\"2024-11-25T10:26:35+00:00\",\"dateModified\":\"2025-01-07T13:27:44+00:00\",\"description\":\"Profitieren Sie von un\u00fcbertroffen pr\u00e4zisen Sehtests mit der AVA\u2122-Technologie. Besuchen Sie unsere Optiker, die mit dieser Technologie ausgestattet sind, und lassen Sie sich Rezepte ausstellen, die perfekt auf Ihre Sehbed\u00fcrfnisse zugeschnitten sind!\",\"breadcrumb\":{\"@id\":\"https:\/\/www.optic2000.ch\/de\/tecnik-ava\/#breadcrumb\"},\"inLanguage\":\"de\",\"potentialAction\":[{\"@type\":\"ReadAction\",\"target\":[\"https:\/\/www.optic2000.ch\/de\/tecnik-ava\/\"]}]},{\"@type\":\"BreadcrumbList\",\"@id\":\"https:\/\/www.optic2000.ch\/de\/tecnik-ava\/#breadcrumb\",\"itemListElement\":[{\"@type\":\"ListItem\",\"position\":1,\"name\":\"Accueil\",\"item\":\"https:\/\/www.optic2000.ch\/de\/\"},{\"@type\":\"ListItem\",\"position\":2,\"name\":\"Essilor\u00ae Ava\u2122, ophthalmologische untersuchungen auf dem neuesten stand der technik\"}]},{\"@type\":\"WebSite\",\"@id\":\"https:\/\/www.optic2000.ch\/de\/#website\",\"url\":\"https:\/\/www.optic2000.ch\/de\/\",\"name\":\"Optic 2000\",\"description\":\"\",\"potentialAction\":[{\"@type\":\"SearchAction\",\"target\":{\"@type\":\"EntryPoint\",\"urlTemplate\":\"https:\/\/www.optic2000.ch\/de\/?s={search_term_string}\"},\"query-input\":{\"@type\":\"PropertyValueSpecification\",\"valueRequired\":true,\"valueName\":\"search_term_string\"}}],\"inLanguage\":\"de\"}]}<\/script>\n<!-- \/ Yoast SEO plugin. -->","yoast_head_json":{"description":"Profitieren Sie von un\u00fcbertroffen pr\u00e4zisen Sehtests mit der AVA\u2122-Technologie. Besuchen Sie unsere Optiker, die mit dieser Technologie ausgestattet sind, und lassen Sie sich Rezepte ausstellen, die perfekt auf Ihre Sehbed\u00fcrfnisse zugeschnitten sind!","robots":{"index":"index","follow":"follow","max-snippet":"max-snippet:-1","max-image-preview":"max-image-preview:large","max-video-preview":"max-video-preview:-1"},"canonical":"https:\/\/www.optic2000.ch\/de\/tecnik-ava\/","og_locale":"de_DE","og_type":"article","og_title":"Die AVA\u2122Technologie f\u00fcr Ihre Augenuntersuchungen | Optic 2000","og_description":"Profitieren Sie von un\u00fcbertroffen pr\u00e4zisen Sehtests mit der AVA\u2122-Technologie. Besuchen Sie unsere Optiker, die mit dieser Technologie ausgestattet sind, und lassen Sie sich Rezepte ausstellen, die perfekt auf Ihre Sehbed\u00fcrfnisse zugeschnitten sind!","og_url":"https:\/\/www.optic2000.ch\/de\/tecnik-ava\/","og_site_name":"Optic 2000","article_modified_time":"2025-01-07T13:27:44+00:00","twitter_card":"summary_large_image","twitter_misc":{"Gesch\u00e4tzte Lesezeit":"2\u00a0Minute"},"schema":{"@context":"https:\/\/schema.org","@graph":[{"@type":"WebPage","@id":"https:\/\/www.optic2000.ch\/de\/tecnik-ava\/","url":"https:\/\/www.optic2000.ch\/de\/tecnik-ava\/","name":"Die AVA\u2122Technologie f\u00fcr Ihre Augenuntersuchungen | Optic 2000","isPartOf":{"@id":"https:\/\/www.optic2000.ch\/de\/#website"},"datePublished":"2024-11-25T10:26:35+00:00","dateModified":"2025-01-07T13:27:44+00:00","description":"Profitieren Sie von un\u00fcbertroffen pr\u00e4zisen Sehtests mit der AVA\u2122-Technologie. Besuchen Sie unsere Optiker, die mit dieser Technologie ausgestattet sind, und lassen Sie sich Rezepte ausstellen, die perfekt auf Ihre Sehbed\u00fcrfnisse zugeschnitten sind!","breadcrumb":{"@id":"https:\/\/www.optic2000.ch\/de\/tecnik-ava\/#breadcrumb"},"inLanguage":"de","potentialAction":[{"@type":"ReadAction","target":["https:\/\/www.optic2000.ch\/de\/tecnik-ava\/"]}]},{"@type":"BreadcrumbList","@id":"https:\/\/www.optic2000.ch\/de\/tecnik-ava\/#breadcrumb","itemListElement":[{"@type":"ListItem","position":1,"name":"Accueil","item":"https:\/\/www.optic2000.ch\/de\/"},{"@type":"ListItem","position":2,"name":"Essilor\u00ae Ava\u2122, ophthalmologische untersuchungen auf dem neuesten stand der technik"}]},{"@type":"WebSite","@id":"https:\/\/www.optic2000.ch\/de\/#website","url":"https:\/\/www.optic2000.ch\/de\/","name":"Optic 2000","description":"","potentialAction":[{"@type":"SearchAction","target":{"@type":"EntryPoint","urlTemplate":"https:\/\/www.optic2000.ch\/de\/?s={search_term_string}"},"query-input":{"@type":"PropertyValueSpecification","valueRequired":true,"valueName":"search_term_string"}}],"inLanguage":"de"}]}},"_links":{"self":[{"href":"https:\/\/www.optic2000.ch\/de\/wp-json\/wp\/v2\/pages\/43073","targetHints":{"allow":["GET"]}}],"collection":[{"href":"https:\/\/www.optic2000.ch\/de\/wp-json\/wp\/v2\/pages"}],"about":[{"href":"https:\/\/www.optic2000.ch\/de\/wp-json\/wp\/v2\/types\/page"}],"author":[{"embeddable":true,"href":"https:\/\/www.optic2000.ch\/de\/wp-json\/wp\/v2\/users\/1"}],"replies":[{"embeddable":true,"href":"https:\/\/www.optic2000.ch\/de\/wp-json\/wp\/v2\/comments?post=43073"}],"version-history":[{"count":2,"href":"https:\/\/www.optic2000.ch\/de\/wp-json\/wp\/v2\/pages\/43073\/revisions"}],"predecessor-version":[{"id":44541,"href":"https:\/\/www.optic2000.ch\/de\/wp-json\/wp\/v2\/pages\/43073\/revisions\/44541"}],"wp:attachment":[{"href":"https:\/\/www.optic2000.ch\/de\/wp-json\/wp\/v2\/media?parent=43073"}],"wp:term":[{"taxonomy":"optic_page_cat","embeddable":true,"href":"https:\/\/www.optic2000.ch\/de\/wp-json\/wp\/v2\/optic_page_cat?post=43073"}],"curies":[{"name":"wp","href":"https:\/\/api.w.org\/{rel}","templated":true}]}}