{"id":43097,"date":"2024-12-17T08:43:46","date_gmt":"2024-12-17T07:43:46","guid":{"rendered":"https:\/\/www.optic2000.ch\/hoerakustik\/online-hortest\/"},"modified":"2025-01-06T13:54:08","modified_gmt":"2025-01-06T12:54:08","slug":"online-hortest","status":"publish","type":"page","link":"https:\/\/www.optic2000.ch\/de\/hoerakustik\/online-hortest\/","title":{"rendered":"Online-H\u00f6rtest"},"content":{"rendered":"<div id='block_698f0e7f35608' class='wp-block-optic-banner-wrap alignfull '>\n<div class=\"wp-block-optic-banner alignfull is-maxwidth-alignfull is-contentalign-bottom is-constrains is-height-normal is-shadow-height hf_animated fade_bottom default\" style=\"--mobilePosX:60%;--mobilePosY:50%\"><div class=\"wp-block-optic-banner-container\"><div class=\"wp-block-optic-banner-background\"><div class=\"wp-block-optic-image-selector \"><img src=\"https:\/\/www.optic2000.ch\/wp-content\/uploads\/2024\/12\/optic2000-audtion-test-auditif-bandeau-scaled.jpg\" alt=\"Optic2000 Audtion Test Auditif Bandeau\" srcset=\"https:\/\/www.optic2000.ch\/wp-content\/uploads\/2024\/12\/optic2000-audtion-test-auditif-bandeau-150x150.jpg 150w, https:\/\/www.optic2000.ch\/wp-content\/uploads\/2024\/12\/optic2000-audtion-test-auditif-bandeau-300x122.jpg 300w, https:\/\/www.optic2000.ch\/wp-content\/uploads\/2024\/12\/optic2000-audtion-test-auditif-bandeau-1024x415.jpg 640w, https:\/\/www.optic2000.ch\/wp-content\/uploads\/2024\/12\/optic2000-audtion-test-auditif-bandeau-scaled.jpg 2560w\" sizes=\"(max-width: 150px) 150px, (max-width: 300px) 300px, (max-width: 640px) 640px, (max-width: 2560px) 2560px, 2560px\" loading=\"lazy\" class=\"wp-block-optic-image-selector-img \" decoding=\"async\"\/><\/div><\/div><div class=\"wp-block-optic-banner-content\"><div class=\"wp-block-optic-banner-content-inner\"><div class=\"wp-block-optic-banner-content-inner-container\">\n<h1 class=\"wp-block-heading has-text-align-center has-theme-white-color has-text-color has-link-color has-large-font-size wp-elements-bf274b99e7dd8d6b3a2bd8d256f927da\">Online-H\u00f6rtest<\/h1>\n\n\n\n<p class=\"has-text-align-center has-theme-white-color has-text-color has-link-color wp-elements-ea05eb704d8116f43bcb8664040b9264\" style=\"text-transform:uppercase\">TESTEN SIE IHR H\u00d6RVERM\u00d6GEN GRATIS<\/p>\n<\/div><\/div><\/div><\/div><\/div>\n<\/div>\n\n      <div style=\"--_hfal-s-h-lg:var(--wp--preset--spacing--80);\" class=\"wp-block-habefast-spacer\"><\/div>\r\n      \n\n\n<p class=\"has-text-align-center\">Sie m\u00f6chten einen H\u00f6rtest machen lassen, haben aber nicht genug Zeit, um Ihr Optic 2000 H\u00f6rzentrum zu besuchen?<\/p>\n\n\n\n<p class=\"has-text-align-center\">Profitieren Sie von unserer praktischen und effizienten L\u00f6sung: Machen Sie einen Online-H\u00f6rtest, der in nur <strong>5 Minuten<\/strong> durchgef\u00fchrt werden kann. So erhalten Sie eine erste Einsch\u00e4tzung Ihrer H\u00f6rgesundheit. <\/p>\n\n\n      <div style=\"--_hfal-s-h-lg:var(--wp--preset--spacing--20);\" class=\"wp-block-habefast-spacer\"><\/div>\r\n      \n\n\n<div style=\"--mobile-max-height:520px\" class=\"wp-block-optic-iframe  \"><iframe loading=\"lazy\" src=\"https:\/\/hearing-screener.beyondhearing.org\/PYborV\" width=\"1100\" height=\"700\"><\/iframe><\/div>\n\n\n      <div style=\"--_hfal-s-h-lg:var(--wp--preset--spacing--20);\" class=\"wp-block-habefast-spacer\"><\/div>\r\n      \n\n\n<p class=\"has-text-align-center\">Wenn die Ergebnisse auf einen m\u00f6glichen H\u00f6rverlust hindeuten, empfehlen wir Ihnen, einen Termin in Ihrem Optic 2000 H\u00f6rzentrum f\u00fcr eine weitere Untersuchung zu vereinbaren.<\/p>\n\n\n\n<p class=\"has-text-align-center\">Selbst bei einem leichten H\u00f6rverlust ist es wichtig, dass Sie eine Fachperson aufsuchen, die Sie individuell ber\u00e4t und betreut. Lassen Sie nicht zu, dass H\u00f6rprobleme Ihren Alltag beeintr\u00e4chtigen, k\u00fcmmern Sie sich noch heute um Ihr Geh\u00f6r! <\/p>\n\n\n      <div style=\"--_hfal-s-h-lg:var(--wp--preset--spacing--80);\" class=\"wp-block-habefast-spacer\"><\/div>\r\n      \n\n            <div class=\"alignwide wp-block-habefast-advanced-layout-group is-layout-constrained wp-block-habefast-advanced-layout-group-is-layout-constrained\">\r\n                <div class=\"wp-block-habefast-advanced-group-container is-style- is-layout-constrained alignwide\"  style='--_hfal-cg-d-lg:flex;--_hfal-cg-d-md:flex;--_hfal-cg-d-sm:flex;'>\r\n                                        <div class=\"wp-block-habefast-advanced-group-inner is-layout-flow\">\r\n                        \n\n<div class=\"wp-block-optic-vignettes is-style-audition is-height-small is-vignette-full\"><div class=\"wp-block-optic-vignettes-container\"><div class=\"wp-block-optic-vignettes-content\">\n<div class=\"wp-block-optic-vignette\"><a href=\"https:\/\/www.optic2000.ch\/de\/hor-beratung\/wie-das-horsystem-funktioniert\/\"><div class=\"wp-block-optic-vignette-container\"><div class=\"wp-block-optic-image-selector \"><img src=\"https:\/\/www.optic2000.ch\/wp-content\/uploads\/2024\/12\/optic2000-audtion-tout-savoir.jpg\" alt=\"Optic2000 Audtion Tout Savoir\" srcset=\"https:\/\/www.optic2000.ch\/wp-content\/uploads\/2024\/12\/optic2000-audtion-tout-savoir-150x150.jpg 150w, https:\/\/www.optic2000.ch\/wp-content\/uploads\/2024\/12\/optic2000-audtion-tout-savoir-300x225.jpg 300w, https:\/\/www.optic2000.ch\/wp-content\/uploads\/2024\/12\/optic2000-audtion-tout-savoir-1024x767.jpg 640w, https:\/\/www.optic2000.ch\/wp-content\/uploads\/2024\/12\/optic2000-audtion-tout-savoir.jpg 1370w\" sizes=\"(max-width: 150px) 150px, (max-width: 300px) 300px, (max-width: 640px) 640px, (max-width: 1370px) 1370px, 1370px\" loading=\"lazy\" class=\"wp-block-optic-image-selector-img \" decoding=\"async\"\/><\/div><div class=\"wp-block-optic-vignette-content\"><div class=\"wp-block-optic-vignette-content-inner\">\n<h2 class=\"wp-block-heading has-text-align-center has-theme-white-color has-text-color has-big-font-size\" style=\"padding-bottom:0\">Alles \u00fcber das H\u00f6ren<\/h2>\n<\/div><div class=\"wp-block-optic-vignette-auditon-text\">Seine H\u00f6rprobleme besser verstehen <\/div><\/div><\/div><\/a><\/div>\n\n\n\n<div class=\"wp-block-optic-vignette\"><a href=\"https:\/\/www.optic2000.ch\/de\/hoerakustik\/unsri-horakustik-center\/\"><div class=\"wp-block-optic-vignette-container\"><div class=\"wp-block-optic-image-selector \"><img src=\"https:\/\/www.optic2000.ch\/wp-content\/uploads\/2024\/12\/optic2000-audtion-trouver-centre.jpg\" alt=\"Optic2000 Audtion Trouver Centre\" srcset=\"https:\/\/www.optic2000.ch\/wp-content\/uploads\/2024\/12\/optic2000-audtion-trouver-centre-150x150.jpg 150w, https:\/\/www.optic2000.ch\/wp-content\/uploads\/2024\/12\/optic2000-audtion-trouver-centre-300x225.jpg 300w, https:\/\/www.optic2000.ch\/wp-content\/uploads\/2024\/12\/optic2000-audtion-trouver-centre-1024x767.jpg 640w, https:\/\/www.optic2000.ch\/wp-content\/uploads\/2024\/12\/optic2000-audtion-trouver-centre.jpg 1370w\" sizes=\"(max-width: 150px) 150px, (max-width: 300px) 300px, (max-width: 640px) 640px, (max-width: 1370px) 1370px, 1370px\" loading=\"lazy\" class=\"wp-block-optic-image-selector-img \" decoding=\"async\"\/><\/div><div class=\"wp-block-optic-vignette-content\"><div class=\"wp-block-optic-vignette-content-inner\">\n<h2 class=\"wp-block-heading has-text-align-center has-theme-white-color has-text-color has-big-font-size\" style=\"padding-bottom:0\">Mein h\u00f6rzentrum finden<\/h2>\n<\/div><div class=\"wp-block-optic-vignette-auditon-text\">Entdecken Sie alle Optic 2000 Gesch\u00e4fte, die auf H\u00f6rger\u00e4te spezialisiert sind<\/div><\/div><\/div><\/a><\/div>\n<\/div><\/div><\/div>\n\n                    <\/div>\r\n                <\/div>\r\n            <\/div>\r\n            ","protected":false},"excerpt":{"rendered":"<p>Sie m\u00f6chten einen H\u00f6rtest machen lassen, haben aber nicht genug Zeit, um Ihr Optic 2000 H\u00f6rzentrum zu besuchen? Profitieren Sie von unserer praktischen und effizienten L\u00f6sung: Machen Sie einen Online-H\u00f6rtest, der in nur 5 Minuten durchgef\u00fchrt werden kann. So erhalten Sie eine erste Einsch\u00e4tzung Ihrer H\u00f6rgesundheit. Wenn die Ergebnisse auf einen m\u00f6glichen H\u00f6rverlust hindeuten, empfehlen [&hellip;]<\/p>\n","protected":false},"author":1,"featured_media":0,"parent":43088,"menu_order":0,"comment_status":"closed","ping_status":"closed","template":"","meta":{"_acf_changed":false,"_optic_post_header_transparent":true,"_optic_post_header_white_mobile":false,"_optic_post_header_transparent_black":false,"_optic_post_hide_rdv_button":false,"_optic_post_hide_footer_margintop":false,"_optic_post_is_audition":true,"_optic_post_is_concours_noel":false,"_optic_post_animate_menu_logo":false,"_optic_post_translations":[],"_optic_post_title":"","_optic_post_description":"","footnotes":""},"optic_page_cat":[],"class_list":["post-43097","page","type-page","status-publish","hentry"],"acf":[],"yoast_head":"<!-- This site is optimized with the Yoast SEO plugin v26.9 - https:\/\/yoast.com\/product\/yoast-seo-wordpress\/ -->\n<meta name=\"description\" content=\"Teste dein Geh\u00f6r in nur 5 Minuten online und erhalte eine schnelle Bewertung. Vereinbare anschliessend einen Termin in einem Optic 2000 H\u00f6rakustikzentrum f\u00fcr eine vollst\u00e4ndige Untersuchung und pers\u00f6nliche Beratung.\" \/>\n<meta name=\"robots\" content=\"index, follow, max-snippet:-1, max-image-preview:large, max-video-preview:-1\" \/>\n<link rel=\"canonical\" href=\"https:\/\/www.optic2000.ch\/de\/hoerakustik\/online-hortest\/\" \/>\n<meta property=\"og:locale\" content=\"de_DE\" \/>\n<meta property=\"og:type\" content=\"article\" \/>\n<meta property=\"og:title\" content=\"Online-H\u00f6rtest | Optic 2000\" \/>\n<meta property=\"og:description\" content=\"Teste dein Geh\u00f6r in nur 5 Minuten online und erhalte eine schnelle Bewertung. Vereinbare anschliessend einen Termin in einem Optic 2000 H\u00f6rakustikzentrum f\u00fcr eine vollst\u00e4ndige Untersuchung und pers\u00f6nliche Beratung.\" \/>\n<meta property=\"og:url\" content=\"https:\/\/www.optic2000.ch\/de\/hoerakustik\/online-hortest\/\" \/>\n<meta property=\"og:site_name\" content=\"Optic 2000\" \/>\n<meta property=\"article:modified_time\" content=\"2025-01-06T12:54:08+00:00\" \/>\n<meta property=\"og:image\" content=\"https:\/\/www.optic2000.ch\/wp-content\/uploads\/2024\/12\/optic2000-audtion-test-auditif-bandeau-scaled.jpg\" \/>\n<meta name=\"twitter:card\" content=\"summary_large_image\" \/>\n<meta name=\"twitter:label1\" content=\"Gesch\u00e4tzte Lesezeit\" \/>\n\t<meta name=\"twitter:data1\" content=\"1\u00a0Minute\" \/>\n<script type=\"application\/ld+json\" class=\"yoast-schema-graph\">{\"@context\":\"https:\/\/schema.org\",\"@graph\":[{\"@type\":\"WebPage\",\"@id\":\"https:\/\/www.optic2000.ch\/de\/hoerakustik\/online-hortest\/\",\"url\":\"https:\/\/www.optic2000.ch\/de\/hoerakustik\/online-hortest\/\",\"name\":\"Online-H\u00f6rtest | Optic 2000\",\"isPartOf\":{\"@id\":\"https:\/\/www.optic2000.ch\/de\/#website\"},\"primaryImageOfPage\":{\"@id\":\"https:\/\/www.optic2000.ch\/de\/hoerakustik\/online-hortest\/#primaryimage\"},\"image\":{\"@id\":\"https:\/\/www.optic2000.ch\/de\/hoerakustik\/online-hortest\/#primaryimage\"},\"thumbnailUrl\":\"https:\/\/www.optic2000.ch\/wp-content\/uploads\/2024\/12\/optic2000-audtion-test-auditif-bandeau-scaled.jpg\",\"datePublished\":\"2024-12-17T07:43:46+00:00\",\"dateModified\":\"2025-01-06T12:54:08+00:00\",\"description\":\"Teste dein Geh\u00f6r in nur 5 Minuten online und erhalte eine schnelle Bewertung. Vereinbare anschliessend einen Termin in einem Optic 2000 H\u00f6rakustikzentrum f\u00fcr eine vollst\u00e4ndige Untersuchung und pers\u00f6nliche Beratung.\",\"breadcrumb\":{\"@id\":\"https:\/\/www.optic2000.ch\/de\/hoerakustik\/online-hortest\/#breadcrumb\"},\"inLanguage\":\"de\",\"potentialAction\":[{\"@type\":\"ReadAction\",\"target\":[\"https:\/\/www.optic2000.ch\/de\/hoerakustik\/online-hortest\/\"]}]},{\"@type\":\"ImageObject\",\"inLanguage\":\"de\",\"@id\":\"https:\/\/www.optic2000.ch\/de\/hoerakustik\/online-hortest\/#primaryimage\",\"url\":\"https:\/\/www.optic2000.ch\/wp-content\/uploads\/2024\/12\/optic2000-audtion-test-auditif-bandeau-scaled.jpg\",\"contentUrl\":\"https:\/\/www.optic2000.ch\/wp-content\/uploads\/2024\/12\/optic2000-audtion-test-auditif-bandeau-scaled.jpg\"},{\"@type\":\"BreadcrumbList\",\"@id\":\"https:\/\/www.optic2000.ch\/de\/hoerakustik\/online-hortest\/#breadcrumb\",\"itemListElement\":[{\"@type\":\"ListItem\",\"position\":1,\"name\":\"Accueil\",\"item\":\"https:\/\/www.optic2000.ch\/de\/\"},{\"@type\":\"ListItem\",\"position\":2,\"name\":\"H\u00f6rakustik\",\"item\":\"https:\/\/www.optic2000.ch\/de\/hoerakustik\/\"},{\"@type\":\"ListItem\",\"position\":3,\"name\":\"Online-H\u00f6rtest\"}]},{\"@type\":\"WebSite\",\"@id\":\"https:\/\/www.optic2000.ch\/de\/#website\",\"url\":\"https:\/\/www.optic2000.ch\/de\/\",\"name\":\"Optic 2000\",\"description\":\"\",\"potentialAction\":[{\"@type\":\"SearchAction\",\"target\":{\"@type\":\"EntryPoint\",\"urlTemplate\":\"https:\/\/www.optic2000.ch\/de\/?s={search_term_string}\"},\"query-input\":{\"@type\":\"PropertyValueSpecification\",\"valueRequired\":true,\"valueName\":\"search_term_string\"}}],\"inLanguage\":\"de\"}]}<\/script>\n<!-- \/ Yoast SEO plugin. -->","yoast_head_json":{"description":"Teste dein Geh\u00f6r in nur 5 Minuten online und erhalte eine schnelle Bewertung. Vereinbare anschliessend einen Termin in einem Optic 2000 H\u00f6rakustikzentrum f\u00fcr eine vollst\u00e4ndige Untersuchung und pers\u00f6nliche Beratung.","robots":{"index":"index","follow":"follow","max-snippet":"max-snippet:-1","max-image-preview":"max-image-preview:large","max-video-preview":"max-video-preview:-1"},"canonical":"https:\/\/www.optic2000.ch\/de\/hoerakustik\/online-hortest\/","og_locale":"de_DE","og_type":"article","og_title":"Online-H\u00f6rtest | Optic 2000","og_description":"Teste dein Geh\u00f6r in nur 5 Minuten online und erhalte eine schnelle Bewertung. Vereinbare anschliessend einen Termin in einem Optic 2000 H\u00f6rakustikzentrum f\u00fcr eine vollst\u00e4ndige Untersuchung und pers\u00f6nliche Beratung.","og_url":"https:\/\/www.optic2000.ch\/de\/hoerakustik\/online-hortest\/","og_site_name":"Optic 2000","article_modified_time":"2025-01-06T12:54:08+00:00","og_image":[{"url":"https:\/\/www.optic2000.ch\/wp-content\/uploads\/2024\/12\/optic2000-audtion-test-auditif-bandeau-scaled.jpg","type":"","width":"","height":""}],"twitter_card":"summary_large_image","twitter_misc":{"Gesch\u00e4tzte Lesezeit":"1\u00a0Minute"},"schema":{"@context":"https:\/\/schema.org","@graph":[{"@type":"WebPage","@id":"https:\/\/www.optic2000.ch\/de\/hoerakustik\/online-hortest\/","url":"https:\/\/www.optic2000.ch\/de\/hoerakustik\/online-hortest\/","name":"Online-H\u00f6rtest | Optic 2000","isPartOf":{"@id":"https:\/\/www.optic2000.ch\/de\/#website"},"primaryImageOfPage":{"@id":"https:\/\/www.optic2000.ch\/de\/hoerakustik\/online-hortest\/#primaryimage"},"image":{"@id":"https:\/\/www.optic2000.ch\/de\/hoerakustik\/online-hortest\/#primaryimage"},"thumbnailUrl":"https:\/\/www.optic2000.ch\/wp-content\/uploads\/2024\/12\/optic2000-audtion-test-auditif-bandeau-scaled.jpg","datePublished":"2024-12-17T07:43:46+00:00","dateModified":"2025-01-06T12:54:08+00:00","description":"Teste dein Geh\u00f6r in nur 5 Minuten online und erhalte eine schnelle Bewertung. Vereinbare anschliessend einen Termin in einem Optic 2000 H\u00f6rakustikzentrum f\u00fcr eine vollst\u00e4ndige Untersuchung und pers\u00f6nliche Beratung.","breadcrumb":{"@id":"https:\/\/www.optic2000.ch\/de\/hoerakustik\/online-hortest\/#breadcrumb"},"inLanguage":"de","potentialAction":[{"@type":"ReadAction","target":["https:\/\/www.optic2000.ch\/de\/hoerakustik\/online-hortest\/"]}]},{"@type":"ImageObject","inLanguage":"de","@id":"https:\/\/www.optic2000.ch\/de\/hoerakustik\/online-hortest\/#primaryimage","url":"https:\/\/www.optic2000.ch\/wp-content\/uploads\/2024\/12\/optic2000-audtion-test-auditif-bandeau-scaled.jpg","contentUrl":"https:\/\/www.optic2000.ch\/wp-content\/uploads\/2024\/12\/optic2000-audtion-test-auditif-bandeau-scaled.jpg"},{"@type":"BreadcrumbList","@id":"https:\/\/www.optic2000.ch\/de\/hoerakustik\/online-hortest\/#breadcrumb","itemListElement":[{"@type":"ListItem","position":1,"name":"Accueil","item":"https:\/\/www.optic2000.ch\/de\/"},{"@type":"ListItem","position":2,"name":"H\u00f6rakustik","item":"https:\/\/www.optic2000.ch\/de\/hoerakustik\/"},{"@type":"ListItem","position":3,"name":"Online-H\u00f6rtest"}]},{"@type":"WebSite","@id":"https:\/\/www.optic2000.ch\/de\/#website","url":"https:\/\/www.optic2000.ch\/de\/","name":"Optic 2000","description":"","potentialAction":[{"@type":"SearchAction","target":{"@type":"EntryPoint","urlTemplate":"https:\/\/www.optic2000.ch\/de\/?s={search_term_string}"},"query-input":{"@type":"PropertyValueSpecification","valueRequired":true,"valueName":"search_term_string"}}],"inLanguage":"de"}]}},"_links":{"self":[{"href":"https:\/\/www.optic2000.ch\/de\/wp-json\/wp\/v2\/pages\/43097","targetHints":{"allow":["GET"]}}],"collection":[{"href":"https:\/\/www.optic2000.ch\/de\/wp-json\/wp\/v2\/pages"}],"about":[{"href":"https:\/\/www.optic2000.ch\/de\/wp-json\/wp\/v2\/types\/page"}],"author":[{"embeddable":true,"href":"https:\/\/www.optic2000.ch\/de\/wp-json\/wp\/v2\/users\/1"}],"replies":[{"embeddable":true,"href":"https:\/\/www.optic2000.ch\/de\/wp-json\/wp\/v2\/comments?post=43097"}],"version-history":[{"count":2,"href":"https:\/\/www.optic2000.ch\/de\/wp-json\/wp\/v2\/pages\/43097\/revisions"}],"predecessor-version":[{"id":43852,"href":"https:\/\/www.optic2000.ch\/de\/wp-json\/wp\/v2\/pages\/43097\/revisions\/43852"}],"up":[{"embeddable":true,"href":"https:\/\/www.optic2000.ch\/de\/wp-json\/wp\/v2\/pages\/43088"}],"wp:attachment":[{"href":"https:\/\/www.optic2000.ch\/de\/wp-json\/wp\/v2\/media?parent=43097"}],"wp:term":[{"taxonomy":"optic_page_cat","embeddable":true,"href":"https:\/\/www.optic2000.ch\/de\/wp-json\/wp\/v2\/optic_page_cat?post=43097"}],"curies":[{"name":"wp","href":"https:\/\/api.w.org\/{rel}","templated":true}]}}