{"id":43436,"date":"2024-12-10T09:51:08","date_gmt":"2024-12-10T08:51:08","guid":{"rendered":"https:\/\/www.optic2000.ch\/?page_id=43436"},"modified":"2025-01-07T23:48:45","modified_gmt":"2025-01-07T22:48:45","slug":"gesetzliche-bestimmungen","status":"publish","type":"page","link":"https:\/\/www.optic2000.ch\/de\/gesetzliche-bestimmungen\/","title":{"rendered":"Gesetzliche Bestimmungen"},"content":{"rendered":"<div id='block_698f1012dcc20' class='wp-block-optic-banner-wrap alignfull '>\n<div class=\"wp-block-optic-banner alignfull is-maxwidth-alignfull is-contentalign-center is-constrains is-height-normal is-shadow-height-light hf_animated fade_bottom default\" style=\"--mobilePosX:50%;--mobilePosY:50%\"><div class=\"wp-block-optic-banner-container\"><div class=\"wp-block-optic-banner-background\"><div class=\"wp-block-optic-image-selector \"><img src=\"https:\/\/www.optic2000.ch\/wp-content\/uploads\/2024\/12\/optic-2000-pages-legales-nlpd-bandeau-scaled.jpg\" alt=\"Optic 2000 Pages L\u00e9gales Nlpd Bandeau\" srcset=\"https:\/\/www.optic2000.ch\/wp-content\/uploads\/2024\/12\/optic-2000-pages-legales-nlpd-bandeau-150x150.jpg 150w, https:\/\/www.optic2000.ch\/wp-content\/uploads\/2024\/12\/optic-2000-pages-legales-nlpd-bandeau-300x98.jpg 300w, https:\/\/www.optic2000.ch\/wp-content\/uploads\/2024\/12\/optic-2000-pages-legales-nlpd-bandeau-1024x336.jpg 640w, https:\/\/www.optic2000.ch\/wp-content\/uploads\/2024\/12\/optic-2000-pages-legales-nlpd-bandeau-scaled.jpg 2560w\" sizes=\"(max-width: 150px) 150px, (max-width: 300px) 300px, (max-width: 640px) 640px, (max-width: 2560px) 2560px, 2560px\" loading=\"lazy\" class=\"wp-block-optic-image-selector-img \" decoding=\"async\"\/><\/div><\/div><div class=\"wp-block-optic-banner-content\"><div class=\"wp-block-optic-banner-content-inner\"><div class=\"wp-block-optic-banner-content-inner-container\">            <div class=\"wp-block-habefast-advanced-layout-group is-layout-constrained wp-block-habefast-advanced-layout-group-is-layout-constrained\">\r\n                <div class=\"wp-block-habefast-advanced-group-container is-style- is-layout-constrained\"  style='--_hfal-cg-d-lg:flex;--_hfal-cg-mw-lg:750px;--_hfal-cg-d-md:flex;--_hfal-cg-d-sm:flex;--_hfal-cg-mw-md:750px;--_hfal-cg-mw-sm:750px;'>\r\n                                        <div class=\"wp-block-habefast-advanced-group-inner is-layout-flow\">\r\n                        \n\n<h1 class=\"wp-block-heading has-text-align-center has-theme-white-color has-text-color has-link-color has-extra-font-size wp-elements-340a81c4aedac91023e9474847c8d19f\" style=\"font-style:normal;font-weight:500;text-transform:none\">Gesetzliche Bestimmungen<\/h1>\n\n                    <\/div>\r\n                <\/div>\r\n            <\/div>\r\n            <\/div><\/div><\/div><\/div><\/div>\n<\/div>\n\n      <div style=\"--_hfal-s-h-lg:var(--wp--preset--spacing--80);\" class=\"wp-block-habefast-spacer\"><\/div>\r\n      \n\n\n<p style=\"font-size:clamp(14px, 0.875rem + ((1vw - 3.2px) * 0.29), 18px);text-transform:uppercase\" class=\"\"><strong>Herausgeber:<\/strong><\/p>\n\n\n\n<p class=\"\">Diese Website wird von der Firma Optic Swiss Services SA, Avenue de la Gare 41, 1003 Lausanne, einer im Handelsregister eingetragenen Firma, CHE-100.105.415, betrieben.<\/p>\n\n\n\n<p class=\"\">Verantwortlich f\u00fcr die Publikation der Website: Xavier Moreau<\/p>\n\n\n      <div style=\"--_hfal-s-h-lg:var(--wp--preset--spacing--10);\" class=\"wp-block-habefast-spacer\"><\/div>\r\n      \n\n\n<p style=\"font-size:clamp(14px, 0.875rem + ((1vw - 3.2px) * 0.29), 18px);text-transform:uppercase\" class=\"\"><strong><strong><strong>Hosting:<\/strong><\/strong><\/strong><\/p>\n\n\n\n<p class=\"\">Infomaniak Network SA \u2013 Avenue de la Praille, 26 \u2013 1227 GENF<\/p>\n\n\n      <div style=\"--_hfal-s-h-lg:var(--wp--preset--spacing--10);\" class=\"wp-block-habefast-spacer\"><\/div>\r\n      \n\n\n<p style=\"font-size:clamp(14px, 0.875rem + ((1vw - 3.2px) * 0.29), 18px);text-transform:uppercase\" class=\"\"><strong>Webseite erstellt durch:<\/strong><\/p>\n\n\n\n<p class=\"\">Habefast Group S\u00e0rl, Route de Champ Colin 18, 1260 NYON<\/p>\n\n\n\n<p class=\"\">Durch die Nutzung und Navigation auf unserer Website erkl\u00e4ren Sie sich mit unseren rechtlichen Hinweisen einverstanden<\/p>\n\n\n      <div style=\"--_hfal-s-h-lg:var(--wp--preset--spacing--20);\" class=\"wp-block-habefast-spacer\"><\/div>\r\n      \n\n\n<h2 class=\"wp-block-heading has-large-font-size\" style=\"padding-bottom:0\"><strong>Inhalt der Website und geistiges Eigentum<\/strong><strong><\/strong><\/h2>\n\n\n\n<p class=\"\">Alle Marken, Fotografien, Texte, Kommentare, Illustrationen, animierte oder nicht animierte Bilder, Videosequenzen, Sounds sowie alle Computeranwendungen, die f\u00fcr den Betrieb dieser Website verwendet werden k\u00f6nnten, und ganz allgemein alle auf der Website reproduzierten oder verwendeten Elemente sind durch die geltenden Gesetze zum Schutz des geistigen Eigentums gesch\u00fctzt. Sie sind das vollst\u00e4ndige und uneingeschr\u00e4nkte Eigentum des Herausgebers oder seiner Partner.<\/p>\n\n\n\n<p class=\"\">Der gesamte Inhalt dieser Website ist Eigentum des Herausgebers und darf ohne seine vorherige schriftliche Genehmigung nicht in irgendeiner Form oder auf irgendeinem Medium verwendet und\/oder reproduziert werden. Die Logos und Marken auf dieser Website sind gesch\u00fctzt und d\u00fcrfen nicht ohne Genehmigung reproduziert oder verwendet werden.<\/p>\n\n\n\n<p class=\"\">Jede Reproduktion, Pr\u00e4sentation, Nutzung oder Anpassung, in welcher Form auch immer, aller oder eines Teils dieser Elemente, einschliesslich der Computeranwendungen, ohne die vorherige schriftliche Genehmigung des Herausgebers ist strengstens untersagt. Die Tatsache, dass der Herausgeber bei Kenntnisnahme einer solchen nicht genehmigten Nutzung keine Massnahmen ergreift, bedeutet nicht, dass er diese Nutzung akzeptiert und auf eine Strafverfolgung verzichtet.<\/p>\n\n\n\n<p class=\"\">Hyperlinks zu dieser Website d\u00fcrfen nur mit vorheriger schriftlicher Genehmigung des Herausgebers eingerichtet werden, der keine Verantwortung f\u00fcr den Inhalt von Websites \u00fcbernimmt, die mit dieser Website verlinkt sind.<\/p>\n\n\n\n<h2 class=\"wp-block-heading has-large-font-size\" style=\"padding-bottom:0\"><strong>Personenbezogene Daten<\/strong><strong><\/strong><\/h2>\n\n\n\n<p class=\"\">Wir verpflichten uns, Ihre pers\u00f6nlichen Daten zu sch\u00fctzen. F\u00fcr weitere Informationen dar\u00fcber, wie wir Ihre Daten sammeln, verarbeiten und weitergeben, lesen Sie bitte unsere Datenschutzerkl\u00e4rung<\/p>\n\n\n\n<h2 class=\"wp-block-heading has-large-font-size\" style=\"padding-bottom:0\"><strong>Verantwortung<\/strong><strong><\/strong><\/h2>\n\n\n\n<p class=\"\">Optic Swiss Services SA \u00fcbernimmt keine Verantwortung f\u00fcr die Nutzung der Informationen auf dieser Website. Der Inhalt der Website kann technische Ungenauigkeiten, typografische Fehler oder Auslassungen enthalten. Der Inhalt kann ohne vorherige Ank\u00fcndigung ge\u00e4ndert oder aktualisiert werden. Eventuelle Hypertext-Links auf der Website, die Nutzer auf andere Websites verweisen, bedeuten nicht, dass Optic Swiss Services SA f\u00fcr den Inhalt der anderen Websites verantwortlich ist. Verweise von unserer Website auf Websites Dritter stellen keine Empfehlung oder Billigung der dort ge\u00e4usserten Meinungen dar.<\/p>\n\n\n\n<p class=\"\">Optic Swiss Services SA haftet nicht f\u00fcr direkte oder indirekte Sch\u00e4den, die sich aus der Verbreitung eines Virus durch Dritte \u00fcber unsere Website ergeben, der das Computersystem oder die Computerkonfiguration des Computers des Nutzers infolge der Verbindung, Nutzung, Navigation oder des Herunterladens von dieser Website infizieren kann.<\/p>\n\n\n\n<p class=\"\">Der Herausgeber haftet nicht f\u00fcr Fehler, Pannen, Schwierigkeiten oder Betriebsunterbrechungen, die den Zugang zur Website oder zu einer ihrer Funktionen verhindern.<\/p>\n\n\n\n<p class=\"\">Sie sind f\u00fcr die Hardware, die Sie f\u00fcr die Verbindung mit der Website verwenden, verantwortlich. Sie m\u00fcssen alle geeigneten Massnahmen ergreifen, um Ihre Ausr\u00fcstung und Ihre eigenen Daten zu sch\u00fctzen, insbesondere vor Virenangriffen \u00fcber das Internet. Dar\u00fcber hinaus sind Sie allein verantwortlich f\u00fcr die Websites und Daten, die Sie aufrufen.<\/p>\n\n\n\n<p class=\"\">Der Herausgeber kann nicht haftbar gemacht werden, wenn Sie strafrechtlich verfolgt werden:<\/p>\n\n\n\n<ul class=\"wp-block-list is-style-square\">\n<li class=\"\">aufgrund der Nutzung der Website oder jeglicher \u00fcber das Internet zug\u00e4nglicher Dienste<\/li>\n\n\n\n<li class=\"\">aufgrund der Nichteinhaltung der vorliegenden rechtlichen Hinweise durch Sie.<\/li>\n<\/ul>\n\n\n\n<p class=\"\">Der Herausgeber haftet nicht f\u00fcr Sch\u00e4den, die Ihnen, Dritten und\/oder Ihrer Ausr\u00fcstung durch Ihre Anmeldung oder Nutzung der Website entstehen, und Sie verzichten auf jegliche Klage gegen den Herausgeber aus diesem Grund.<\/p>\n\n\n\n<p class=\"\">Durch die Nutzung und Navigation auf unserer Website stimmen Sie ausdr\u00fccklich den Beschr\u00e4nkungen unserer Haftung zu, die sich aus der Nutzung der Website ergeben k\u00f6nnen.<\/p>\n\n\n\n<p class=\"\">Sollte der Herausgeber aufgrund Ihrer Nutzung der Website Gegenstand eines g\u00fctlichen oder gerichtlichen Verfahrens werden, kann er bei Ihnen Schadensersatz f\u00fcr alle Sch\u00e4den, Betr\u00e4ge, Verurteilungen und Geb\u00fchren geltend machen, die sich aus diesem Verfahren ergeben k\u00f6nnten.<\/p>\n\n\n\n<h2 class=\"wp-block-heading has-large-font-size\" style=\"padding-bottom:0\"><strong>Fotografien und Darstellung von Produkten<\/strong><\/h2>\n\n\n\n<p class=\"\">Die Produktfotos, die die Beschreibung der Produkte begleiten, sind nicht vertraglich bindend und stellen keine Verpflichtung des Herausgebers dar.<\/p>\n\n\n\n<h2 class=\"wp-block-heading has-large-font-size\" style=\"padding-bottom:0\"><strong>Anwendbares Recht<\/strong><strong><\/strong><\/h2>\n\n\n\n<p class=\"\">Diese rechtlichen Hinweise unterliegen dem Schweizer Recht und der Zust\u00e4ndigkeit der Schweizer Gerichte.<\/p>\n","protected":false},"excerpt":{"rendered":"<p>Herausgeber: Diese Website wird von der Firma Optic Swiss Services SA, Avenue de la Gare 41, 1003 Lausanne, einer im Handelsregister eingetragenen Firma, CHE-100.105.415, betrieben. Verantwortlich f\u00fcr die Publikation der Website: Xavier Moreau Hosting: Infomaniak Network SA \u2013 Avenue de la Praille, 26 \u2013 1227 GENF Webseite erstellt durch: Habefast Group S\u00e0rl, Route de Champ [&hellip;]<\/p>\n","protected":false},"author":2,"featured_media":0,"parent":0,"menu_order":0,"comment_status":"closed","ping_status":"closed","template":"","meta":{"_acf_changed":false,"_optic_post_header_transparent":true,"_optic_post_header_white_mobile":false,"_optic_post_header_transparent_black":false,"_optic_post_hide_rdv_button":false,"_optic_post_hide_footer_margintop":false,"_optic_post_is_audition":false,"_optic_post_is_concours_noel":false,"_optic_post_animate_menu_logo":false,"_optic_post_translations":[],"_optic_post_title":"","_optic_post_description":"","footnotes":""},"optic_page_cat":[],"class_list":["post-43436","page","type-page","status-publish","hentry"],"acf":[],"yoast_head":"<!-- This site is optimized with the Yoast SEO plugin v26.9 - https:\/\/yoast.com\/product\/yoast-seo-wordpress\/ -->\n<meta name=\"robots\" content=\"noindex, nofollow\" \/>\n<meta property=\"og:locale\" content=\"de_DE\" \/>\n<meta property=\"og:type\" content=\"article\" \/>\n<meta property=\"og:title\" content=\"Gesetzliche Bestimmungen | Optic 2000\" \/>\n<meta property=\"og:description\" content=\"Herausgeber: Diese Website wird von der Firma Optic Swiss Services SA, Avenue de la Gare 41, 1003 Lausanne, einer im Handelsregister eingetragenen Firma, CHE-100.105.415, betrieben. Verantwortlich f\u00fcr die Publikation der Website: Xavier Moreau Hosting: Infomaniak Network SA \u2013 Avenue de la Praille, 26 \u2013 1227 GENF Webseite erstellt durch: Habefast Group S\u00e0rl, Route de Champ [&hellip;]\" \/>\n<meta property=\"og:url\" content=\"https:\/\/www.optic2000.ch\/de\/gesetzliche-bestimmungen\/\" \/>\n<meta property=\"og:site_name\" content=\"Optic 2000\" \/>\n<meta property=\"article:modified_time\" content=\"2025-01-07T22:48:45+00:00\" \/>\n<meta property=\"og:image\" content=\"https:\/\/www.optic2000.ch\/wp-content\/uploads\/2024\/12\/optic-2000-pages-legales-nlpd-bandeau-scaled.jpg\" \/>\n<meta name=\"twitter:card\" content=\"summary_large_image\" \/>\n<meta name=\"twitter:label1\" content=\"Gesch\u00e4tzte Lesezeit\" \/>\n\t<meta name=\"twitter:data1\" content=\"4\u00a0Minute\" \/>\n<script type=\"application\/ld+json\" class=\"yoast-schema-graph\">{\"@context\":\"https:\/\/schema.org\",\"@graph\":[{\"@type\":\"WebPage\",\"@id\":\"https:\/\/www.optic2000.ch\/de\/gesetzliche-bestimmungen\/\",\"url\":\"https:\/\/www.optic2000.ch\/de\/gesetzliche-bestimmungen\/\",\"name\":\"Gesetzliche Bestimmungen | Optic 2000\",\"isPartOf\":{\"@id\":\"https:\/\/www.optic2000.ch\/de\/#website\"},\"primaryImageOfPage\":{\"@id\":\"https:\/\/www.optic2000.ch\/de\/gesetzliche-bestimmungen\/#primaryimage\"},\"image\":{\"@id\":\"https:\/\/www.optic2000.ch\/de\/gesetzliche-bestimmungen\/#primaryimage\"},\"thumbnailUrl\":\"https:\/\/www.optic2000.ch\/wp-content\/uploads\/2024\/12\/optic-2000-pages-legales-nlpd-bandeau-scaled.jpg\",\"datePublished\":\"2024-12-10T08:51:08+00:00\",\"dateModified\":\"2025-01-07T22:48:45+00:00\",\"breadcrumb\":{\"@id\":\"https:\/\/www.optic2000.ch\/de\/gesetzliche-bestimmungen\/#breadcrumb\"},\"inLanguage\":\"de\",\"potentialAction\":[{\"@type\":\"ReadAction\",\"target\":[\"https:\/\/www.optic2000.ch\/de\/gesetzliche-bestimmungen\/\"]}]},{\"@type\":\"ImageObject\",\"inLanguage\":\"de\",\"@id\":\"https:\/\/www.optic2000.ch\/de\/gesetzliche-bestimmungen\/#primaryimage\",\"url\":\"https:\/\/www.optic2000.ch\/wp-content\/uploads\/2024\/12\/optic-2000-pages-legales-nlpd-bandeau-scaled.jpg\",\"contentUrl\":\"https:\/\/www.optic2000.ch\/wp-content\/uploads\/2024\/12\/optic-2000-pages-legales-nlpd-bandeau-scaled.jpg\"},{\"@type\":\"BreadcrumbList\",\"@id\":\"https:\/\/www.optic2000.ch\/de\/gesetzliche-bestimmungen\/#breadcrumb\",\"itemListElement\":[{\"@type\":\"ListItem\",\"position\":1,\"name\":\"Accueil\",\"item\":\"https:\/\/www.optic2000.ch\/de\/\"},{\"@type\":\"ListItem\",\"position\":2,\"name\":\"Gesetzliche Bestimmungen\"}]},{\"@type\":\"WebSite\",\"@id\":\"https:\/\/www.optic2000.ch\/de\/#website\",\"url\":\"https:\/\/www.optic2000.ch\/de\/\",\"name\":\"Optic 2000\",\"description\":\"\",\"potentialAction\":[{\"@type\":\"SearchAction\",\"target\":{\"@type\":\"EntryPoint\",\"urlTemplate\":\"https:\/\/www.optic2000.ch\/de\/?s={search_term_string}\"},\"query-input\":{\"@type\":\"PropertyValueSpecification\",\"valueRequired\":true,\"valueName\":\"search_term_string\"}}],\"inLanguage\":\"de\"}]}<\/script>\n<!-- \/ Yoast SEO plugin. -->","yoast_head_json":{"robots":{"index":"noindex","follow":"nofollow"},"og_locale":"de_DE","og_type":"article","og_title":"Gesetzliche Bestimmungen | Optic 2000","og_description":"Herausgeber: Diese Website wird von der Firma Optic Swiss Services SA, Avenue de la Gare 41, 1003 Lausanne, einer im Handelsregister eingetragenen Firma, CHE-100.105.415, betrieben. Verantwortlich f\u00fcr die Publikation der Website: Xavier Moreau Hosting: Infomaniak Network SA \u2013 Avenue de la Praille, 26 \u2013 1227 GENF Webseite erstellt durch: Habefast Group S\u00e0rl, Route de Champ [&hellip;]","og_url":"https:\/\/www.optic2000.ch\/de\/gesetzliche-bestimmungen\/","og_site_name":"Optic 2000","article_modified_time":"2025-01-07T22:48:45+00:00","og_image":[{"url":"https:\/\/www.optic2000.ch\/wp-content\/uploads\/2024\/12\/optic-2000-pages-legales-nlpd-bandeau-scaled.jpg","type":"","width":"","height":""}],"twitter_card":"summary_large_image","twitter_misc":{"Gesch\u00e4tzte Lesezeit":"4\u00a0Minute"},"schema":{"@context":"https:\/\/schema.org","@graph":[{"@type":"WebPage","@id":"https:\/\/www.optic2000.ch\/de\/gesetzliche-bestimmungen\/","url":"https:\/\/www.optic2000.ch\/de\/gesetzliche-bestimmungen\/","name":"Gesetzliche Bestimmungen | Optic 2000","isPartOf":{"@id":"https:\/\/www.optic2000.ch\/de\/#website"},"primaryImageOfPage":{"@id":"https:\/\/www.optic2000.ch\/de\/gesetzliche-bestimmungen\/#primaryimage"},"image":{"@id":"https:\/\/www.optic2000.ch\/de\/gesetzliche-bestimmungen\/#primaryimage"},"thumbnailUrl":"https:\/\/www.optic2000.ch\/wp-content\/uploads\/2024\/12\/optic-2000-pages-legales-nlpd-bandeau-scaled.jpg","datePublished":"2024-12-10T08:51:08+00:00","dateModified":"2025-01-07T22:48:45+00:00","breadcrumb":{"@id":"https:\/\/www.optic2000.ch\/de\/gesetzliche-bestimmungen\/#breadcrumb"},"inLanguage":"de","potentialAction":[{"@type":"ReadAction","target":["https:\/\/www.optic2000.ch\/de\/gesetzliche-bestimmungen\/"]}]},{"@type":"ImageObject","inLanguage":"de","@id":"https:\/\/www.optic2000.ch\/de\/gesetzliche-bestimmungen\/#primaryimage","url":"https:\/\/www.optic2000.ch\/wp-content\/uploads\/2024\/12\/optic-2000-pages-legales-nlpd-bandeau-scaled.jpg","contentUrl":"https:\/\/www.optic2000.ch\/wp-content\/uploads\/2024\/12\/optic-2000-pages-legales-nlpd-bandeau-scaled.jpg"},{"@type":"BreadcrumbList","@id":"https:\/\/www.optic2000.ch\/de\/gesetzliche-bestimmungen\/#breadcrumb","itemListElement":[{"@type":"ListItem","position":1,"name":"Accueil","item":"https:\/\/www.optic2000.ch\/de\/"},{"@type":"ListItem","position":2,"name":"Gesetzliche Bestimmungen"}]},{"@type":"WebSite","@id":"https:\/\/www.optic2000.ch\/de\/#website","url":"https:\/\/www.optic2000.ch\/de\/","name":"Optic 2000","description":"","potentialAction":[{"@type":"SearchAction","target":{"@type":"EntryPoint","urlTemplate":"https:\/\/www.optic2000.ch\/de\/?s={search_term_string}"},"query-input":{"@type":"PropertyValueSpecification","valueRequired":true,"valueName":"search_term_string"}}],"inLanguage":"de"}]}},"_links":{"self":[{"href":"https:\/\/www.optic2000.ch\/de\/wp-json\/wp\/v2\/pages\/43436","targetHints":{"allow":["GET"]}}],"collection":[{"href":"https:\/\/www.optic2000.ch\/de\/wp-json\/wp\/v2\/pages"}],"about":[{"href":"https:\/\/www.optic2000.ch\/de\/wp-json\/wp\/v2\/types\/page"}],"author":[{"embeddable":true,"href":"https:\/\/www.optic2000.ch\/de\/wp-json\/wp\/v2\/users\/2"}],"replies":[{"embeddable":true,"href":"https:\/\/www.optic2000.ch\/de\/wp-json\/wp\/v2\/comments?post=43436"}],"version-history":[{"count":1,"href":"https:\/\/www.optic2000.ch\/de\/wp-json\/wp\/v2\/pages\/43436\/revisions"}],"predecessor-version":[{"id":43437,"href":"https:\/\/www.optic2000.ch\/de\/wp-json\/wp\/v2\/pages\/43436\/revisions\/43437"}],"wp:attachment":[{"href":"https:\/\/www.optic2000.ch\/de\/wp-json\/wp\/v2\/media?parent=43436"}],"wp:term":[{"taxonomy":"optic_page_cat","embeddable":true,"href":"https:\/\/www.optic2000.ch\/de\/wp-json\/wp\/v2\/optic_page_cat?post=43436"}],"curies":[{"name":"wp","href":"https:\/\/api.w.org\/{rel}","templated":true}]}}