{"id":56829,"date":"2025-10-07T13:01:46","date_gmt":"2025-10-07T11:01:46","guid":{"rendered":"https:\/\/www.optic2000.ch\/?page_id=56829"},"modified":"2025-10-21T00:58:24","modified_gmt":"2025-10-20T22:58:24","slug":"nikon-digital-life","status":"publish","type":"page","link":"https:\/\/www.optic2000.ch\/de\/nikon-digital-life\/","title":{"rendered":"\u00a0Fournisseurs-reize-nikon-digital life"},"content":{"rendered":"<div id='block_69f146b594cb9' class='wp-block-optic-banner-wrap alignfull '>\n<div class=\"wp-block-optic-banner alignfull is-maxwidth-alignfull is-contentalign-bottom  is-constrains is-height-small is-overlaidonmenu\" style=\"--mobilePosX:50%;--mobilePosY:50%\"><div class=\"wp-block-optic-banner-container\"><div class=\"wp-block-optic-banner-background\"><div class=\"wp-block-optic-image-selector  \"><img src=\"https:\/\/www.optic2000.ch\/wp-content\/uploads\/2025\/10\/optic-reize-nikon-bandeau-scaled.jpg\" alt=\"Optic Reize Nikon Bandeau\" srcset=\"https:\/\/www.optic2000.ch\/wp-content\/uploads\/2025\/10\/optic-reize-nikon-bandeau-150x150.jpg 150w, https:\/\/www.optic2000.ch\/wp-content\/uploads\/2025\/10\/optic-reize-nikon-bandeau-300x101.jpg 300w, https:\/\/www.optic2000.ch\/wp-content\/uploads\/2025\/10\/optic-reize-nikon-bandeau-1024x343.jpg 640w, https:\/\/www.optic2000.ch\/wp-content\/uploads\/2025\/10\/optic-reize-nikon-bandeau-scaled.jpg 2560w\" sizes=\"(max-width: 150px) 150px, (max-width: 300px) 300px, (max-width: 640px) 640px, (max-width: 2560px) 2560px, 2560px\" loading=\"eager\" class=\"wp-block-optic-image-selector-img  \" decoding=\"async\"\/><\/div><\/div><div class=\"wp-block-optic-banner-content\"><div class=\"wp-block-optic-banner-content-inner\"><div class=\"wp-block-optic-banner-content-inner-container\">\n<h1 class=\"wp-block-heading has-text-align-center has-theme-white-color has-text-color has-link-color has-extra-font-size wp-elements-d3f4459427058a96a908df19afc2ae4b\" style=\"text-transform:uppercase\">digital lifestyle<\/h1>\n\n\n\n<p class=\"has-text-align-center has-theme-white-color has-text-color has-link-color wp-elements-ec7756bb73db017c4f18acd420f55be6\" style=\"text-transform:uppercase\"><strong>von nikon<\/strong><\/p>\n<\/div><\/div><\/div><\/div><\/div>\n<\/div>\n\n      <div style=\"--_hfal-s-h-lg:var(--wp--preset--spacing--30);\" class=\"wp-block-habefast-spacer\"><\/div>\r\n      \n\n\n<h2 class=\"wp-block-heading has-text-align-center has-extra-font-size\"><strong><strong><strong>Wellness f\u00fcr Ihre Augen<\/strong><\/strong><\/strong><\/h2>\n\n\n      <div style=\"--_hfal-s-h-lg:60px;\" class=\"wp-block-habefast-spacer\"><\/div>\r\n      \n\n<div id='block_69f146b594ea4' class='alignfull is-layout-constrained'>\n<div class=\"wp-block-optic-media-content\"><div class=\"is-layout-constrained\"><div class=\"wp-block-optic-media-content-row v- va-center inverse inverse-mobile\"><div class=\"wp-block-optic-media-content-background is-shadow-inner\"><div class=\"wp-block-optic-image-selector  \"><img src=\"https:\/\/www.optic2000.ch\/wp-content\/uploads\/2025\/10\/z0arupbqstj97zwe-image.png-autoformatcompressrect1340700644w1000h1000fitmax.jpg\" alt=\"Z0arupbqstj97zwe Image.png Auto=format,compress&amp;rect=134,0,700,644&amp;w=1000&amp;h=1000&amp;fit=max\" srcset=\"https:\/\/www.optic2000.ch\/wp-content\/uploads\/2025\/10\/z0arupbqstj97zwe-image.png-autoformatcompressrect1340700644w1000h1000fitmax-150x150.jpg 150w, https:\/\/www.optic2000.ch\/wp-content\/uploads\/2025\/10\/z0arupbqstj97zwe-image.png-autoformatcompressrect1340700644w1000h1000fitmax-300x276.jpg 300w, https:\/\/www.optic2000.ch\/wp-content\/uploads\/2025\/10\/z0arupbqstj97zwe-image.png-autoformatcompressrect1340700644w1000h1000fitmax.jpg 700w\" sizes=\"(max-width: 150px) 150px, (max-width: 300px) 300px, (max-width: 700px) 700px, 700px\" loading=\"lazy\" class=\"wp-block-optic-image-selector-img  \" decoding=\"async\"\/><\/div><\/div><div class=\"wp-block-optic-media-content-content\"><div>\n<p class=\"has-text-align-right\">Immer mehr Menschen arbeiten heutzutage von zu Hause aus. Das Arbeiten im Homeoffice hat in den letzten drei Jahren einen regelrechten \u00abBoom\u00bb erfahren und ist so beliebt wie nie zuvor. Es gibt viele Vorteile, die das Arbeiten von zu Hause aus mit sich bringt. Allerdings kann das Arbeiten am Computer den ganzen Tag \u00fcber anstrengend sein. Eine Officebrille kann jedoch dazu beitragen, die Belastung der Augen zu reduzieren und die Arbeitseffizienz zu verbessern.<\/p>\n<\/div><\/div><\/div><\/div><\/div>\n<\/div>\n\n<div id='block_69f146b596a84' class='alignfull is-layout-constrained'>\n<div class=\"wp-block-optic-media-content\"><div class=\"is-layout-constrained\"><div class=\"wp-block-optic-media-content-row v- va-center  \"><div class=\"wp-block-optic-media-content-background is-shadow-inner\"><div class=\"wp-block-optic-image-selector  \"><img src=\"https:\/\/www.optic2000.ch\/wp-content\/uploads\/2025\/10\/zrm8lkaf0tcgivih-nd2blue.png-autoformatcompressrect029819201620w750h750fitmax.jpg\" alt=\"Zrm8lkaf0tcgivih Nd2blue.png Auto=format,compress&amp;rect=0,298,1920,1620&amp;w=750&amp;h=750&amp;fit=max\" srcset=\"https:\/\/www.optic2000.ch\/wp-content\/uploads\/2025\/10\/zrm8lkaf0tcgivih-nd2blue.png-autoformatcompressrect029819201620w750h750fitmax-150x150.jpg 150w, https:\/\/www.optic2000.ch\/wp-content\/uploads\/2025\/10\/zrm8lkaf0tcgivih-nd2blue.png-autoformatcompressrect029819201620w750h750fitmax-300x253.jpg 300w, https:\/\/www.optic2000.ch\/wp-content\/uploads\/2025\/10\/zrm8lkaf0tcgivih-nd2blue.png-autoformatcompressrect029819201620w750h750fitmax.jpg 750w\" sizes=\"(max-width: 150px) 150px, (max-width: 300px) 300px, (max-width: 750px) 750px, 750px\" loading=\"lazy\" class=\"wp-block-optic-image-selector-img  \" decoding=\"async\"\/><\/div><\/div><div class=\"wp-block-optic-media-content-content\"><div>\n<ul class=\"wp-block-list is-style-square-spaced \">\n<li class=\"\">Erh\u00f6hte Kontraste und weniger Blendung durch einen Blaufilter<\/li>\n\n\n\n<li class=\"\">Die Blaufilter-Technologie sorgt f\u00fcr entspannteres Sehen durch optimierte Kontraste und reduzierte Blendeffekte, besonders an digitalen Ger\u00e4ten und bei k\u00fcnstlicher Beleuchtung.<\/li>\n\n\n\n<li class=\"\">Entlastung der Nackenmuskulatur dank nat\u00fcrlicher Kopfhaltung.<br>Die nat\u00fcrliche Kopfhaltung reduziert Verspannungen der Nackenmuskulatur durch eine ausbalancierte Position des Kopfes, die durch das optimierte Glasdesign unterst\u00fctzt wird<\/li>\n<\/ul>\n<\/div><\/div><\/div><\/div><\/div>\n<\/div>\n\n      <div style=\"--_hfal-s-h-lg:100px;--_hfal-s-h-md:0;\" class=\"wp-block-habefast-spacer\"><\/div>\r\n      \n\n      <div style=\"--_hfal-s-h-lg:var(--wp--preset--spacing--30);\" class=\"wp-block-habefast-spacer\"><\/div>\r\n      \n\n\n<div class=\"wp-block-buttons is-content-justification-center is-layout-flex wp-container-core-buttons-is-layout-a89b3969 wp-block-buttons-is-layout-flex\">\n<div class=\"wp-block-button has-custom-width wp-block-button__width-75 is-style-black\"><a class=\"wp-block-button__link wp-element-button\" href=\"https:\/\/www.optic2000.ch\/de\/#rendez-vous\">termin vereinbaren<\/a><\/div>\n<\/div>\n","protected":false},"excerpt":{"rendered":"<p>Wellness f\u00fcr Ihre Augen<\/p>\n","protected":false},"author":2,"featured_media":0,"parent":0,"menu_order":0,"comment_status":"closed","ping_status":"closed","template":"","meta":{"_acf_changed":false,"_optic_post_header_transparent":true,"_optic_post_header_white_mobile":false,"_optic_post_header_transparent_black":false,"_optic_post_hide_rdv_button":false,"_optic_post_hide_footer_margintop":false,"_optic_post_is_audition":false,"_optic_post_is_concours_noel":false,"_optic_post_animate_menu_logo":false,"_optic_post_translations":[],"_optic_post_hide_bottom_mobile_fixed_btns":false,"_optic_post_title":"","_optic_post_description":"","footnotes":""},"optic_page_cat":[9290],"class_list":["post-56829","page","type-page","status-publish","hentry","optic_page_cat-fournisseurs"],"acf":[],"yoast_head":"<!-- This site is optimized with the Yoast SEO plugin v27.3 - https:\/\/yoast.com\/product\/yoast-seo-wordpress\/ -->\n<meta name=\"description\" content=\"Die neue Generation der Digital Lifestyle Gleitsichtgl\u00e4ser von Nikon bietet optimalen Sehkomfort f\u00fcr das digitale Leben \u2013 von der Fernsicht bis zur Nahsicht. Sie reduziert die Augenm\u00fcdigkeit und sorgt f\u00fcr eine nat\u00fcrliche K\u00f6rperhaltung beim Sehen.\" \/>\n<meta name=\"robots\" content=\"index, follow, max-snippet:-1, max-image-preview:large, max-video-preview:-1\" \/>\n<link rel=\"canonical\" href=\"https:\/\/www.optic2000.ch\/de\/nikon-digital-life\/\" \/>\n<meta property=\"og:locale\" content=\"de_DE\" \/>\n<meta property=\"og:type\" content=\"article\" \/>\n<meta property=\"og:title\" content=\"Nikon Digital Lifestyle | Optic 2000\" \/>\n<meta property=\"og:description\" content=\"Die neue Generation der Digital Lifestyle Gleitsichtgl\u00e4ser von Nikon bietet optimalen Sehkomfort f\u00fcr das digitale Leben \u2013 von der Fernsicht bis zur Nahsicht. Sie reduziert die Augenm\u00fcdigkeit und sorgt f\u00fcr eine nat\u00fcrliche K\u00f6rperhaltung beim Sehen.\" \/>\n<meta property=\"og:url\" content=\"https:\/\/www.optic2000.ch\/de\/nikon-digital-life\/\" \/>\n<meta property=\"og:site_name\" content=\"Optic 2000\" \/>\n<meta property=\"article:modified_time\" content=\"2025-10-20T22:58:24+00:00\" \/>\n<meta property=\"og:image\" content=\"https:\/\/www.optic2000.ch\/wp-content\/uploads\/2025\/10\/optic-reize-nikon-bandeau-scaled.jpg\" \/>\n<meta name=\"twitter:card\" content=\"summary_large_image\" \/>\n<meta name=\"twitter:label1\" content=\"Gesch\u00e4tzte Lesezeit\" \/>\n\t<meta name=\"twitter:data1\" content=\"2\u00a0Minute\" \/>\n<script type=\"application\/ld+json\" class=\"yoast-schema-graph\">{\"@context\":\"https:\\\/\\\/schema.org\",\"@graph\":[{\"@type\":\"WebPage\",\"@id\":\"https:\\\/\\\/www.optic2000.ch\\\/de\\\/nikon-digital-life\\\/\",\"url\":\"https:\\\/\\\/www.optic2000.ch\\\/de\\\/nikon-digital-life\\\/\",\"name\":\"Nikon Digital Lifestyle | Optic 2000\",\"isPartOf\":{\"@id\":\"https:\\\/\\\/www.optic2000.ch\\\/de\\\/#website\"},\"primaryImageOfPage\":{\"@id\":\"https:\\\/\\\/www.optic2000.ch\\\/de\\\/nikon-digital-life\\\/#primaryimage\"},\"image\":{\"@id\":\"https:\\\/\\\/www.optic2000.ch\\\/de\\\/nikon-digital-life\\\/#primaryimage\"},\"thumbnailUrl\":\"https:\\\/\\\/www.optic2000.ch\\\/wp-content\\\/uploads\\\/2025\\\/10\\\/optic-reize-nikon-bandeau-scaled.jpg\",\"datePublished\":\"2025-10-07T11:01:46+00:00\",\"dateModified\":\"2025-10-20T22:58:24+00:00\",\"description\":\"Die neue Generation der Digital Lifestyle Gleitsichtgl\u00e4ser von Nikon bietet optimalen Sehkomfort f\u00fcr das digitale Leben \u2013 von der Fernsicht bis zur Nahsicht. Sie reduziert die Augenm\u00fcdigkeit und sorgt f\u00fcr eine nat\u00fcrliche K\u00f6rperhaltung beim Sehen.\",\"breadcrumb\":{\"@id\":\"https:\\\/\\\/www.optic2000.ch\\\/de\\\/nikon-digital-life\\\/#breadcrumb\"},\"inLanguage\":\"de\",\"potentialAction\":[{\"@type\":\"ReadAction\",\"target\":[\"https:\\\/\\\/www.optic2000.ch\\\/de\\\/nikon-digital-life\\\/\"]}]},{\"@type\":\"ImageObject\",\"inLanguage\":\"de\",\"@id\":\"https:\\\/\\\/www.optic2000.ch\\\/de\\\/nikon-digital-life\\\/#primaryimage\",\"url\":\"https:\\\/\\\/www.optic2000.ch\\\/wp-content\\\/uploads\\\/2025\\\/10\\\/optic-reize-nikon-bandeau-scaled.jpg\",\"contentUrl\":\"https:\\\/\\\/www.optic2000.ch\\\/wp-content\\\/uploads\\\/2025\\\/10\\\/optic-reize-nikon-bandeau-scaled.jpg\"},{\"@type\":\"BreadcrumbList\",\"@id\":\"https:\\\/\\\/www.optic2000.ch\\\/de\\\/nikon-digital-life\\\/#breadcrumb\",\"itemListElement\":[{\"@type\":\"ListItem\",\"position\":1,\"name\":\"Accueil\",\"item\":\"https:\\\/\\\/www.optic2000.ch\\\/de\\\/\"},{\"@type\":\"ListItem\",\"position\":2,\"name\":\"\u00a0Fournisseurs-reize-nikon-digital life\"}]},{\"@type\":\"WebSite\",\"@id\":\"https:\\\/\\\/www.optic2000.ch\\\/de\\\/#website\",\"url\":\"https:\\\/\\\/www.optic2000.ch\\\/de\\\/\",\"name\":\"Optic 2000\",\"description\":\"\",\"potentialAction\":[{\"@type\":\"SearchAction\",\"target\":{\"@type\":\"EntryPoint\",\"urlTemplate\":\"https:\\\/\\\/www.optic2000.ch\\\/de\\\/?s={search_term_string}\"},\"query-input\":{\"@type\":\"PropertyValueSpecification\",\"valueRequired\":true,\"valueName\":\"search_term_string\"}}],\"inLanguage\":\"de\"}]}<\/script>\n<!-- \/ Yoast SEO plugin. -->","yoast_head_json":{"description":"Die neue Generation der Digital Lifestyle Gleitsichtgl\u00e4ser von Nikon bietet optimalen Sehkomfort f\u00fcr das digitale Leben \u2013 von der Fernsicht bis zur Nahsicht. Sie reduziert die Augenm\u00fcdigkeit und sorgt f\u00fcr eine nat\u00fcrliche K\u00f6rperhaltung beim Sehen.","robots":{"index":"index","follow":"follow","max-snippet":"max-snippet:-1","max-image-preview":"max-image-preview:large","max-video-preview":"max-video-preview:-1"},"canonical":"https:\/\/www.optic2000.ch\/de\/nikon-digital-life\/","og_locale":"de_DE","og_type":"article","og_title":"Nikon Digital Lifestyle | Optic 2000","og_description":"Die neue Generation der Digital Lifestyle Gleitsichtgl\u00e4ser von Nikon bietet optimalen Sehkomfort f\u00fcr das digitale Leben \u2013 von der Fernsicht bis zur Nahsicht. Sie reduziert die Augenm\u00fcdigkeit und sorgt f\u00fcr eine nat\u00fcrliche K\u00f6rperhaltung beim Sehen.","og_url":"https:\/\/www.optic2000.ch\/de\/nikon-digital-life\/","og_site_name":"Optic 2000","article_modified_time":"2025-10-20T22:58:24+00:00","og_image":[{"url":"https:\/\/www.optic2000.ch\/wp-content\/uploads\/2025\/10\/optic-reize-nikon-bandeau-scaled.jpg","type":"","width":"","height":""}],"twitter_card":"summary_large_image","twitter_misc":{"Gesch\u00e4tzte Lesezeit":"2\u00a0Minute"},"schema":{"@context":"https:\/\/schema.org","@graph":[{"@type":"WebPage","@id":"https:\/\/www.optic2000.ch\/de\/nikon-digital-life\/","url":"https:\/\/www.optic2000.ch\/de\/nikon-digital-life\/","name":"Nikon Digital Lifestyle | Optic 2000","isPartOf":{"@id":"https:\/\/www.optic2000.ch\/de\/#website"},"primaryImageOfPage":{"@id":"https:\/\/www.optic2000.ch\/de\/nikon-digital-life\/#primaryimage"},"image":{"@id":"https:\/\/www.optic2000.ch\/de\/nikon-digital-life\/#primaryimage"},"thumbnailUrl":"https:\/\/www.optic2000.ch\/wp-content\/uploads\/2025\/10\/optic-reize-nikon-bandeau-scaled.jpg","datePublished":"2025-10-07T11:01:46+00:00","dateModified":"2025-10-20T22:58:24+00:00","description":"Die neue Generation der Digital Lifestyle Gleitsichtgl\u00e4ser von Nikon bietet optimalen Sehkomfort f\u00fcr das digitale Leben \u2013 von der Fernsicht bis zur Nahsicht. Sie reduziert die Augenm\u00fcdigkeit und sorgt f\u00fcr eine nat\u00fcrliche K\u00f6rperhaltung beim Sehen.","breadcrumb":{"@id":"https:\/\/www.optic2000.ch\/de\/nikon-digital-life\/#breadcrumb"},"inLanguage":"de","potentialAction":[{"@type":"ReadAction","target":["https:\/\/www.optic2000.ch\/de\/nikon-digital-life\/"]}]},{"@type":"ImageObject","inLanguage":"de","@id":"https:\/\/www.optic2000.ch\/de\/nikon-digital-life\/#primaryimage","url":"https:\/\/www.optic2000.ch\/wp-content\/uploads\/2025\/10\/optic-reize-nikon-bandeau-scaled.jpg","contentUrl":"https:\/\/www.optic2000.ch\/wp-content\/uploads\/2025\/10\/optic-reize-nikon-bandeau-scaled.jpg"},{"@type":"BreadcrumbList","@id":"https:\/\/www.optic2000.ch\/de\/nikon-digital-life\/#breadcrumb","itemListElement":[{"@type":"ListItem","position":1,"name":"Accueil","item":"https:\/\/www.optic2000.ch\/de\/"},{"@type":"ListItem","position":2,"name":"\u00a0Fournisseurs-reize-nikon-digital life"}]},{"@type":"WebSite","@id":"https:\/\/www.optic2000.ch\/de\/#website","url":"https:\/\/www.optic2000.ch\/de\/","name":"Optic 2000","description":"","potentialAction":[{"@type":"SearchAction","target":{"@type":"EntryPoint","urlTemplate":"https:\/\/www.optic2000.ch\/de\/?s={search_term_string}"},"query-input":{"@type":"PropertyValueSpecification","valueRequired":true,"valueName":"search_term_string"}}],"inLanguage":"de"}]}},"_links":{"self":[{"href":"https:\/\/www.optic2000.ch\/de\/wp-json\/wp\/v2\/pages\/56829","targetHints":{"allow":["GET"]}}],"collection":[{"href":"https:\/\/www.optic2000.ch\/de\/wp-json\/wp\/v2\/pages"}],"about":[{"href":"https:\/\/www.optic2000.ch\/de\/wp-json\/wp\/v2\/types\/page"}],"author":[{"embeddable":true,"href":"https:\/\/www.optic2000.ch\/de\/wp-json\/wp\/v2\/users\/2"}],"replies":[{"embeddable":true,"href":"https:\/\/www.optic2000.ch\/de\/wp-json\/wp\/v2\/comments?post=56829"}],"version-history":[{"count":2,"href":"https:\/\/www.optic2000.ch\/de\/wp-json\/wp\/v2\/pages\/56829\/revisions"}],"predecessor-version":[{"id":56835,"href":"https:\/\/www.optic2000.ch\/de\/wp-json\/wp\/v2\/pages\/56829\/revisions\/56835"}],"wp:attachment":[{"href":"https:\/\/www.optic2000.ch\/de\/wp-json\/wp\/v2\/media?parent=56829"}],"wp:term":[{"taxonomy":"optic_page_cat","embeddable":true,"href":"https:\/\/www.optic2000.ch\/de\/wp-json\/wp\/v2\/optic_page_cat?post=56829"}],"curies":[{"name":"wp","href":"https:\/\/api.w.org\/{rel}","templated":true}]}}