{"id":59135,"date":"2026-01-21T16:20:58","date_gmt":"2026-01-21T15:20:58","guid":{"rendered":"https:\/\/www.optic2000.ch\/?page_id=59135"},"modified":"2026-02-04T21:06:50","modified_gmt":"2026-02-04T20:06:50","slug":"enigma","status":"publish","type":"page","link":"https:\/\/www.optic2000.ch\/de\/enigma\/","title":{"rendered":"\u00a0Fournisseurs-MOREL-enigma"},"content":{"rendered":"<div id='block_69f14d5098c1c' class='wp-block-optic-banner-wrap alignfull '>\n<div class=\"wp-block-optic-banner alignfull is-maxwidth-alignfull is-contentalign-bottom  is-overlaidonmenu\" style=\"--mobilePosX:50%;--mobilePosY:50%\"><div class=\"wp-block-optic-banner-container\"><div class=\"wp-block-optic-banner-background\"><div class=\"wp-block-optic-image-selector  optic-img-render-mobile\"><img src=\"https:\/\/www.optic2000.ch\/wp-content\/uploads\/2026\/02\/banner-fullwidth-enigma-1920x960-1.webp\" alt=\"Banner Fullwidth Enigma 1920x960\" srcset=\"https:\/\/www.optic2000.ch\/wp-content\/uploads\/2026\/02\/banner-fullwidth-enigma-1920x960-1-150x150.webp 150w, https:\/\/www.optic2000.ch\/wp-content\/uploads\/2026\/02\/banner-fullwidth-enigma-1920x960-1-300x150.webp 300w, https:\/\/www.optic2000.ch\/wp-content\/uploads\/2026\/02\/banner-fullwidth-enigma-1920x960-1-1024x512.webp 640w, https:\/\/www.optic2000.ch\/wp-content\/uploads\/2026\/02\/banner-fullwidth-enigma-1920x960-1.webp 1920w\" sizes=\"(max-width: 150px) 150px, (max-width: 300px) 300px, (max-width: 640px) 640px, (max-width: 1920px) 1920px, 1920px\" loading=\"eager\" class=\"wp-block-optic-image-selector-img  img-is-desktop\" decoding=\"async\"\/><img data-src=\"https:\/\/www.optic2000.ch\/wp-content\/uploads\/2026\/02\/banner-haut-828x1090-1.jpg\" alt=\"Banner Haut 828x1090\" data-srcset=\"https:\/\/www.optic2000.ch\/wp-content\/uploads\/2026\/02\/banner-haut-828x1090-1-150x150.jpg 150w, https:\/\/www.optic2000.ch\/wp-content\/uploads\/2026\/02\/banner-haut-828x1090-1-228x300.jpg 228w, https:\/\/www.optic2000.ch\/wp-content\/uploads\/2026\/02\/banner-haut-828x1090-1-778x1024.jpg 640w, https:\/\/www.optic2000.ch\/wp-content\/uploads\/2026\/02\/banner-haut-828x1090-1.jpg 828w\" sizes=\"(max-width: 150px) 150px, (max-width: 228px) 228px, (max-width: 640px) 640px, (max-width: 828px) 828px, 828px\" loading=\"eager\" class=\"wp-block-optic-image-selector-img  img-is-mobile\" decoding=\"async\" style=\"display:none\"\/><\/div><\/div><div class=\"wp-block-optic-banner-content\"><div class=\"wp-block-optic-banner-content-inner\"><div class=\"wp-block-optic-banner-content-inner-container\">\n<h1 class=\"wp-block-heading has-text-align-center has-theme-white-color has-text-color has-link-color has-extra-font-size wp-elements-4cebb2e440a5cdbab771e4400bfe9edc\" style=\"text-transform:uppercase\">MOREL ENIGMA<\/h1>\n\n\n\n<p class=\"has-text-align-center has-theme-white-color has-text-color has-link-color wp-elements-90541ccc2341facd1ea0d42463a31c88\" style=\"text-transform:uppercase\"><strong><strong>SPeCIAL<\/strong><\/strong> e<strong>DITION <\/strong><\/p>\n<\/div><\/div><\/div><\/div><\/div>\n<\/div>\n\n      <div style=\"--_hfal-s-h-lg:var(--wp--preset--spacing--50);\" class=\"wp-block-habefast-spacer\"><\/div>\r\n      \n\n\n<div class=\"wp-block-optic-icons\"><div class=\"wp-block-optic-icons-container\" style=\"--icon-mh:55px\"><div class=\"wp-block-optic-icons-content\">\n<div class=\"wp-block-optic-icon  \"><div class=\"wp-block-optic-icon-container\"><div class=\"wp-block-optic-icon-content\">\n<h2 class=\"wp-block-heading\" style=\"margin-top:0;margin-bottom:0;padding-top:0;padding-right:0;padding-bottom:0;padding-left:0\"><strong>Mit seiner <strong>Special Edition ENIGMA<\/strong><\/strong><\/h2>\n\n\n\n<p class=\"has-text-align-left has-normal-font-size\">\u00f6ffnet <strong>MOREL <\/strong>die T\u00fcren zu einem traumhaften Universum, in dem Traum und Wirklichkeit ineinanderfliessen, in dem sich Farben bis zur S\u00e4ttigung steigern und in dem jedes Element von einem eigenen Leben beseelt scheint. In dieser vibrierenden Welt werden Blumen zu Augen, V\u00f6gel blicken zum Horizont, Architekturen geraten in Bewegung. Das Sch\u00f6ne wird verherrlicht, die Natur extravagant, und alles verwandelt sich in ein fantasievolles, beinahe hypnotisches Schauspiel.<\/p>\n\n\n      <div style=\"--_hfal-s-h-lg:var(--wp--preset--spacing--30);\" class=\"wp-block-habefast-spacer\"><\/div>\r\n      <\/div><\/div><\/div>\n<\/div><\/div><\/div>\n\n\n            <div class=\"wp-block-habefast-advanced-layout-group is-layout-constrained wp-block-habefast-advanced-layout-group-is-layout-constrained\">\r\n                <div class=\"wp-block-habefast-advanced-group-container is-style- is-layout-constrained\"  style='--_hfal-cg-d-lg:flex;--_hfal-cg-d-sm:none;--_hfal-cg-d-md:flex;'>\r\n                                        <div class=\"wp-block-habefast-advanced-group-inner is-layout-flow\">\r\n                        \n\n<div class=\"wp-block-optic-image\"><div class=\"wp-block-optic-image-selector  \"><img src=\"https:\/\/www.optic2000.ch\/wp-content\/uploads\/2026\/02\/banner-milieu-1272x224-1.jpg\" alt=\"Banner Milieu 1272x224\" srcset=\"https:\/\/www.optic2000.ch\/wp-content\/uploads\/2026\/02\/banner-milieu-1272x224-1-150x150.jpg 150w, https:\/\/www.optic2000.ch\/wp-content\/uploads\/2026\/02\/banner-milieu-1272x224-1-300x53.jpg 300w, https:\/\/www.optic2000.ch\/wp-content\/uploads\/2026\/02\/banner-milieu-1272x224-1-1024x180.jpg 640w, https:\/\/www.optic2000.ch\/wp-content\/uploads\/2026\/02\/banner-milieu-1272x224-1.jpg 1272w\" sizes=\"(max-width: 150px) 150px, (max-width: 300px) 300px, (max-width: 640px) 640px, (max-width: 1272px) 1272px, 1272px\" loading=\"lazy\" class=\"wp-block-optic-image-selector-img  \" decoding=\"async\"\/><\/div><\/div>\n\n                    <\/div>\r\n                <\/div>\r\n            <\/div>\r\n            \n\n            <div class=\"wp-block-habefast-advanced-layout-group is-layout-constrained wp-block-habefast-advanced-layout-group-is-layout-constrained\">\r\n                <div class=\"wp-block-habefast-advanced-group-container is-style- is-layout-constrained\"  style='--_hfal-cg-d-lg:none;--_hfal-cg-d-md:none;--_hfal-cg-d-sm:flex;'>\r\n                                        <div class=\"wp-block-habefast-advanced-group-inner is-layout-flow\">\r\n                        \n\n<div class=\"wp-block-optic-image\"><div class=\"wp-block-optic-image-selector  \"><img src=\"https:\/\/www.optic2000.ch\/wp-content\/uploads\/2026\/02\/banner-milieu-353.2x128.jpg\" alt=\"Banner Milieu 353.2x128\" srcset=\"https:\/\/www.optic2000.ch\/wp-content\/uploads\/2026\/02\/banner-milieu-353.2x128-150x128.jpg 150w, https:\/\/www.optic2000.ch\/wp-content\/uploads\/2026\/02\/banner-milieu-353.2x128-300x109.jpg 300w, https:\/\/www.optic2000.ch\/wp-content\/uploads\/2026\/02\/banner-milieu-353.2x128.jpg 353w\" sizes=\"(max-width: 150px) 150px, (max-width: 300px) 300px, (max-width: 353px) 353px, 353px\" loading=\"lazy\" class=\"wp-block-optic-image-selector-img  \" decoding=\"async\"\/><\/div><\/div>\n\n                    <\/div>\r\n                <\/div>\r\n            <\/div>\r\n            \n\n\n<p class=\"has-text-align-center has-large-font-size\"><strong>Als unendliche Erkundung gedacht, <\/strong><\/p>\n\n\n\n<p class=\"has-text-align-center has-normal-font-size\"><strong><strong>beansprucht <strong>ENIGMA<\/strong> die absolute Freiheit der Kreativit\u00e4t.<\/strong><\/strong><\/p>\n\n\n      <div style=\"--_hfal-s-h-lg:var(--wp--preset--spacing--20);--_hfal-s-h-md:0;\" class=\"wp-block-habefast-spacer\"><\/div>\r\n      \n\n            <div class=\"wp-block-habefast-advanced-layout-group is-layout-constrained wp-block-habefast-advanced-layout-group-is-layout-constrained\">\r\n                <div class=\"wp-block-habefast-advanced-group-container is-style- is-layout-constrained\"  style='--_hfal-cg-d-lg:flex;--_hfal-cg-m-t-lg:0;--_hfal-cg-m-b-lg:0;--_hfal-cg-m-r-lg:0;--_hfal-cg-m-l-lg:0;--_hfal-cg-p-r-lg:0;--_hfal-cg-p-l-lg:0;--_hfal-cg-d-md:flex;--_hfal-cg-d-sm:flex;'>\r\n                                        <div class=\"wp-block-habefast-advanced-group-inner is-layout-flow\">\r\n                        \n<div id='block_69f14d509b4c0' class='alignfull is-layout-constrained'>\n<div class=\"wp-block-optic-media-content\"><div class=\"is-layout-constrained\"><div class=\"wp-block-optic-media-content-row v-40-60 va-  \"><div class=\"wp-block-optic-media-content-background is-shadow-inner\"><div class=\"wp-block-optic-image-selector  \"><img src=\"https:\/\/www.optic2000.ch\/wp-content\/uploads\/2026\/01\/enigma6-vp12-enigma12-op10-enigma7-gb03.jpg\" alt=\"Enigma6 Vp12 Enigma12 Op10 Enigma7 Gb03\" srcset=\"https:\/\/www.optic2000.ch\/wp-content\/uploads\/2026\/01\/enigma6-vp12-enigma12-op10-enigma7-gb03-150x150.jpg 150w, https:\/\/www.optic2000.ch\/wp-content\/uploads\/2026\/01\/enigma6-vp12-enigma12-op10-enigma7-gb03-257x300.jpg 257w, https:\/\/www.optic2000.ch\/wp-content\/uploads\/2026\/01\/enigma6-vp12-enigma12-op10-enigma7-gb03-878x1024.jpg 640w, https:\/\/www.optic2000.ch\/wp-content\/uploads\/2026\/01\/enigma6-vp12-enigma12-op10-enigma7-gb03.jpg 1250w\" sizes=\"(max-width: 150px) 150px, (max-width: 257px) 257px, (max-width: 640px) 640px, (max-width: 1250px) 1250px, 1250px\" loading=\"lazy\" class=\"wp-block-optic-image-selector-img  \" decoding=\"async\"\/><\/div><\/div><div class=\"wp-block-optic-media-content-content\"><div>      <div style=\"--_hfal-s-h-lg:60px;--_hfal-s-h-md:0;\" class=\"wp-block-habefast-spacer\"><\/div>\r\n      \n\n\n<p class=\"has-text-align-left\">Die Fassungen pr\u00e4sentieren sich in einer elektrisierenden, k\u00fchnen und lebendigen Farbpalette, in der sich jedes Modell durch eine einzigartige Zweifarbigkeit auszeichnet. Dieser Kontrast verk\u00f6rpert die feine Grenze zwischen Imagination und Realit\u00e4t: zwei Welten, die sich ber\u00fchren, verweben und miteinander verschmelzen.<\/p>\n\n\n      <div style=\"--_hfal-s-h-lg:var(--wp--preset--spacing--20);\" class=\"wp-block-habefast-spacer\"><\/div>\r\n      \n\n\n<p class=\"has-text-align-left\">Die Transparenz der Acetate verst\u00e4rkt dieses Gef\u00fchl des Schwebens, das jenen Momenten eigen ist, in denen man aus einem Traum erwacht, w\u00e4hrend die deckenden Farben als Anker fungieren und an Materie, an das Greifbare erinnern.<\/p>\n\n\n      <div style=\"--_hfal-s-h-lg:var(--wp--preset--spacing--20);\" class=\"wp-block-habefast-spacer\"><\/div>\r\n      \n\n\n<p class=\"\">\u00dcber das Konzept hinaus tr\u00e4gt <strong>ENIGMA<\/strong> die Handschrift des MOREL-Know-hows:<\/p>\n\n\n\n<ul class=\"wp-block-list is-style-square \">\n<li class=\"\">perfektionierter Komfort, f\u00fcr ein intuitives Tragegef\u00fchl konzipiert<\/li>\n\n\n\n<li class=\"\">exklusive Technologie mit patentiertem Scharnier<\/li>\n\n\n\n<li class=\"\">makellose Verarbeitungen von millimetergenauer Pr\u00e4zision<\/li>\n\n\n\n<li class=\"\">eine subtile Verbindung von Innovation in der Brillenherstellung und k\u00fcnstlerischem Universum<\/li>\n<\/ul>\n\n\n      <div style=\"--_hfal-s-h-lg:var(--wp--preset--spacing--20);\" class=\"wp-block-habefast-spacer\"><\/div>\r\n      \n\n\n<p class=\"has-text-align-left\">So wird jede Fassung zu einem R\u00e4tsel: geheimnisvoll, faszinierend, nahezu magnetisch. Sie zieht Blicke auf sich, ohne jemals alles preiszugeben, und spiegelt jenes wohlgeh\u00fctete Geheimnis wider, das die Fantasie n\u00e4hrt. <strong>ENIGMA<\/strong> stellt Fragen, verzaubert, \u00fcberrascht.<br><\/p>\n<\/div><\/div><\/div><\/div><\/div>\n<\/div>\n                    <\/div>\r\n                <\/div>\r\n            <\/div>\r\n            \n\n\n<p class=\"has-text-align-center has-large-font-size\"><strong>ENIGMA zu tragen bedeutet<\/strong>, zu sich selbst zu stehen, den Mut zu bewusst gelebter Exzentrik zu zeigen, die eigene Pers\u00f6nlichkeit zu offenbaren und zugleich ein Mysterium schweben zu lassen.<\/p>\n\n\n\n<p class=\"has-text-align-center has-normal-font-size\" style=\"font-style:normal;font-weight:1000\"><strong><strong>Eine Fassung, eine Pers\u00f6nlichkeit, ein einzigartiger Blick, der zur Sprache wird.<\/strong><\/strong><\/p>\n\n\n\n<div class=\"wp-block-optic-video is-youtube format-9_16\" style=\"--maxwidth:500px\"><div class=\"wp-block-optic-video-youtube\"><div class=\"wp-block-optic-video-youtube-container\"><iframe src=\"https:\/\/www.youtube.com\/embed\/3EeKNITF3UY\" allowfullscreen referrerpolicy=\"strict-origin-when-cross-origin\" allow=\"accelerometer; autoplay; clipboard-write; encrypted-media; gyroscope; picture-in-picture; web-share\"><\/iframe><\/div><\/div><\/div>\n\n\n\n<div class=\"wp-block-buttons is-horizontal is-content-justification-center is-layout-flex wp-container-core-buttons-is-layout-4a597412 wp-block-buttons-is-layout-flex\" style=\"padding-top:var(--wp--preset--spacing--10);padding-bottom:var(--wp--preset--spacing--10)\">\n<div class=\"wp-block-button\"><a class=\"wp-block-button__link wp-element-button\" href=\"https:\/\/www.optic2000.ch\/#rendez-vous\">termin vereibaren<\/a><\/div>\n<\/div>\n","protected":false},"excerpt":{"rendered":"<p>Als unendliche Erkundung gedacht, beansprucht ENIGMA die absolute Freiheit der Kreativit\u00e4t. ENIGMA zu tragen bedeutet, zu sich selbst zu stehen, den Mut zu bewusst gelebter Exzentrik zu zeigen, die eigene Pers\u00f6nlichkeit zu offenbaren und zugleich ein Mysterium schweben zu lassen. Eine Fassung, eine Pers\u00f6nlichkeit, ein einzigartiger Blick, der zur Sprache wird.<\/p>\n","protected":false},"author":2,"featured_media":0,"parent":0,"menu_order":0,"comment_status":"closed","ping_status":"closed","template":"","meta":{"_acf_changed":false,"_optic_post_header_transparent":false,"_optic_post_header_white_mobile":false,"_optic_post_header_transparent_black":false,"_optic_post_hide_rdv_button":false,"_optic_post_hide_footer_margintop":false,"_optic_post_is_audition":false,"_optic_post_is_concours_noel":false,"_optic_post_animate_menu_logo":false,"_optic_post_translations":[],"_optic_post_hide_bottom_mobile_fixed_btns":false,"_optic_post_title":"","_optic_post_description":"","footnotes":""},"optic_page_cat":[9290],"class_list":["post-59135","page","type-page","status-publish","hentry","optic_page_cat-fournisseurs"],"acf":[],"yoast_head":"<!-- This site is optimized with the Yoast SEO plugin v27.3 - https:\/\/yoast.com\/product\/yoast-seo-wordpress\/ -->\n<meta name=\"description\" content=\"MOREL enth\u00fcllt eine Welt, in der lebendige Farben und subtile Transparenzen einzigartige Brillenfassungen zum Leben erwecken, die Ihre Pers\u00f6nlichkeit mit K\u00fchnheit und Raffinesse widerspiegeln.\" \/>\n<meta name=\"robots\" content=\"index, follow, max-snippet:-1, max-image-preview:large, max-video-preview:-1\" \/>\n<link rel=\"canonical\" href=\"https:\/\/www.optic2000.ch\/de\/enigma\/\" \/>\n<meta property=\"og:locale\" content=\"de_DE\" \/>\n<meta property=\"og:type\" content=\"article\" \/>\n<meta property=\"og:title\" content=\"ENIGMA : Special Edition von MOREL | Optic 2000\" \/>\n<meta property=\"og:description\" content=\"MOREL enth\u00fcllt eine Welt, in der lebendige Farben und subtile Transparenzen einzigartige Brillenfassungen zum Leben erwecken, die Ihre Pers\u00f6nlichkeit mit K\u00fchnheit und Raffinesse widerspiegeln.\" \/>\n<meta property=\"og:url\" content=\"https:\/\/www.optic2000.ch\/de\/enigma\/\" \/>\n<meta property=\"og:site_name\" content=\"Optic 2000\" \/>\n<meta property=\"article:modified_time\" content=\"2026-02-04T20:06:50+00:00\" \/>\n<meta property=\"og:image\" content=\"https:\/\/www.optic2000.ch\/wp-content\/uploads\/2026\/02\/banner-fullwidth-enigma-1920x960-1.webp\" \/>\n<meta name=\"twitter:card\" content=\"summary_large_image\" \/>\n<meta name=\"twitter:label1\" content=\"Gesch\u00e4tzte Lesezeit\" \/>\n\t<meta name=\"twitter:data1\" content=\"3\u00a0Minute\" \/>\n<script type=\"application\/ld+json\" class=\"yoast-schema-graph\">{\"@context\":\"https:\\\/\\\/schema.org\",\"@graph\":[{\"@type\":\"WebPage\",\"@id\":\"https:\\\/\\\/www.optic2000.ch\\\/de\\\/enigma\\\/\",\"url\":\"https:\\\/\\\/www.optic2000.ch\\\/de\\\/enigma\\\/\",\"name\":\"ENIGMA : Special Edition von MOREL | Optic 2000\",\"isPartOf\":{\"@id\":\"https:\\\/\\\/www.optic2000.ch\\\/de\\\/#website\"},\"primaryImageOfPage\":{\"@id\":\"https:\\\/\\\/www.optic2000.ch\\\/de\\\/enigma\\\/#primaryimage\"},\"image\":{\"@id\":\"https:\\\/\\\/www.optic2000.ch\\\/de\\\/enigma\\\/#primaryimage\"},\"thumbnailUrl\":\"https:\\\/\\\/www.optic2000.ch\\\/wp-content\\\/uploads\\\/2026\\\/02\\\/banner-fullwidth-enigma-1920x960-1.webp\",\"datePublished\":\"2026-01-21T15:20:58+00:00\",\"dateModified\":\"2026-02-04T20:06:50+00:00\",\"description\":\"MOREL enth\u00fcllt eine Welt, in der lebendige Farben und subtile Transparenzen einzigartige Brillenfassungen zum Leben erwecken, die Ihre Pers\u00f6nlichkeit mit K\u00fchnheit und Raffinesse widerspiegeln.\",\"breadcrumb\":{\"@id\":\"https:\\\/\\\/www.optic2000.ch\\\/de\\\/enigma\\\/#breadcrumb\"},\"inLanguage\":\"de\",\"potentialAction\":[{\"@type\":\"ReadAction\",\"target\":[\"https:\\\/\\\/www.optic2000.ch\\\/de\\\/enigma\\\/\"]}]},{\"@type\":\"ImageObject\",\"inLanguage\":\"de\",\"@id\":\"https:\\\/\\\/www.optic2000.ch\\\/de\\\/enigma\\\/#primaryimage\",\"url\":\"https:\\\/\\\/www.optic2000.ch\\\/wp-content\\\/uploads\\\/2026\\\/02\\\/banner-fullwidth-enigma-1920x960-1.webp\",\"contentUrl\":\"https:\\\/\\\/www.optic2000.ch\\\/wp-content\\\/uploads\\\/2026\\\/02\\\/banner-fullwidth-enigma-1920x960-1.webp\"},{\"@type\":\"BreadcrumbList\",\"@id\":\"https:\\\/\\\/www.optic2000.ch\\\/de\\\/enigma\\\/#breadcrumb\",\"itemListElement\":[{\"@type\":\"ListItem\",\"position\":1,\"name\":\"Accueil\",\"item\":\"https:\\\/\\\/www.optic2000.ch\\\/de\\\/\"},{\"@type\":\"ListItem\",\"position\":2,\"name\":\"\u00a0Fournisseurs-MOREL-enigma\"}]},{\"@type\":\"WebSite\",\"@id\":\"https:\\\/\\\/www.optic2000.ch\\\/de\\\/#website\",\"url\":\"https:\\\/\\\/www.optic2000.ch\\\/de\\\/\",\"name\":\"Optic 2000\",\"description\":\"\",\"potentialAction\":[{\"@type\":\"SearchAction\",\"target\":{\"@type\":\"EntryPoint\",\"urlTemplate\":\"https:\\\/\\\/www.optic2000.ch\\\/de\\\/?s={search_term_string}\"},\"query-input\":{\"@type\":\"PropertyValueSpecification\",\"valueRequired\":true,\"valueName\":\"search_term_string\"}}],\"inLanguage\":\"de\"}]}<\/script>\n<!-- \/ Yoast SEO plugin. -->","yoast_head_json":{"description":"MOREL enth\u00fcllt eine Welt, in der lebendige Farben und subtile Transparenzen einzigartige Brillenfassungen zum Leben erwecken, die Ihre Pers\u00f6nlichkeit mit K\u00fchnheit und Raffinesse widerspiegeln.","robots":{"index":"index","follow":"follow","max-snippet":"max-snippet:-1","max-image-preview":"max-image-preview:large","max-video-preview":"max-video-preview:-1"},"canonical":"https:\/\/www.optic2000.ch\/de\/enigma\/","og_locale":"de_DE","og_type":"article","og_title":"ENIGMA : Special Edition von MOREL | Optic 2000","og_description":"MOREL enth\u00fcllt eine Welt, in der lebendige Farben und subtile Transparenzen einzigartige Brillenfassungen zum Leben erwecken, die Ihre Pers\u00f6nlichkeit mit K\u00fchnheit und Raffinesse widerspiegeln.","og_url":"https:\/\/www.optic2000.ch\/de\/enigma\/","og_site_name":"Optic 2000","article_modified_time":"2026-02-04T20:06:50+00:00","og_image":[{"url":"https:\/\/www.optic2000.ch\/wp-content\/uploads\/2026\/02\/banner-fullwidth-enigma-1920x960-1.webp","type":"","width":"","height":""}],"twitter_card":"summary_large_image","twitter_misc":{"Gesch\u00e4tzte Lesezeit":"3\u00a0Minute"},"schema":{"@context":"https:\/\/schema.org","@graph":[{"@type":"WebPage","@id":"https:\/\/www.optic2000.ch\/de\/enigma\/","url":"https:\/\/www.optic2000.ch\/de\/enigma\/","name":"ENIGMA : Special Edition von MOREL | Optic 2000","isPartOf":{"@id":"https:\/\/www.optic2000.ch\/de\/#website"},"primaryImageOfPage":{"@id":"https:\/\/www.optic2000.ch\/de\/enigma\/#primaryimage"},"image":{"@id":"https:\/\/www.optic2000.ch\/de\/enigma\/#primaryimage"},"thumbnailUrl":"https:\/\/www.optic2000.ch\/wp-content\/uploads\/2026\/02\/banner-fullwidth-enigma-1920x960-1.webp","datePublished":"2026-01-21T15:20:58+00:00","dateModified":"2026-02-04T20:06:50+00:00","description":"MOREL enth\u00fcllt eine Welt, in der lebendige Farben und subtile Transparenzen einzigartige Brillenfassungen zum Leben erwecken, die Ihre Pers\u00f6nlichkeit mit K\u00fchnheit und Raffinesse widerspiegeln.","breadcrumb":{"@id":"https:\/\/www.optic2000.ch\/de\/enigma\/#breadcrumb"},"inLanguage":"de","potentialAction":[{"@type":"ReadAction","target":["https:\/\/www.optic2000.ch\/de\/enigma\/"]}]},{"@type":"ImageObject","inLanguage":"de","@id":"https:\/\/www.optic2000.ch\/de\/enigma\/#primaryimage","url":"https:\/\/www.optic2000.ch\/wp-content\/uploads\/2026\/02\/banner-fullwidth-enigma-1920x960-1.webp","contentUrl":"https:\/\/www.optic2000.ch\/wp-content\/uploads\/2026\/02\/banner-fullwidth-enigma-1920x960-1.webp"},{"@type":"BreadcrumbList","@id":"https:\/\/www.optic2000.ch\/de\/enigma\/#breadcrumb","itemListElement":[{"@type":"ListItem","position":1,"name":"Accueil","item":"https:\/\/www.optic2000.ch\/de\/"},{"@type":"ListItem","position":2,"name":"\u00a0Fournisseurs-MOREL-enigma"}]},{"@type":"WebSite","@id":"https:\/\/www.optic2000.ch\/de\/#website","url":"https:\/\/www.optic2000.ch\/de\/","name":"Optic 2000","description":"","potentialAction":[{"@type":"SearchAction","target":{"@type":"EntryPoint","urlTemplate":"https:\/\/www.optic2000.ch\/de\/?s={search_term_string}"},"query-input":{"@type":"PropertyValueSpecification","valueRequired":true,"valueName":"search_term_string"}}],"inLanguage":"de"}]}},"_links":{"self":[{"href":"https:\/\/www.optic2000.ch\/de\/wp-json\/wp\/v2\/pages\/59135","targetHints":{"allow":["GET"]}}],"collection":[{"href":"https:\/\/www.optic2000.ch\/de\/wp-json\/wp\/v2\/pages"}],"about":[{"href":"https:\/\/www.optic2000.ch\/de\/wp-json\/wp\/v2\/types\/page"}],"author":[{"embeddable":true,"href":"https:\/\/www.optic2000.ch\/de\/wp-json\/wp\/v2\/users\/2"}],"replies":[{"embeddable":true,"href":"https:\/\/www.optic2000.ch\/de\/wp-json\/wp\/v2\/comments?post=59135"}],"version-history":[{"count":8,"href":"https:\/\/www.optic2000.ch\/de\/wp-json\/wp\/v2\/pages\/59135\/revisions"}],"predecessor-version":[{"id":59281,"href":"https:\/\/www.optic2000.ch\/de\/wp-json\/wp\/v2\/pages\/59135\/revisions\/59281"}],"wp:attachment":[{"href":"https:\/\/www.optic2000.ch\/de\/wp-json\/wp\/v2\/media?parent=59135"}],"wp:term":[{"taxonomy":"optic_page_cat","embeddable":true,"href":"https:\/\/www.optic2000.ch\/de\/wp-json\/wp\/v2\/optic_page_cat?post=59135"}],"curies":[{"name":"wp","href":"https:\/\/api.w.org\/{rel}","templated":true}]}}